{"id":11019,"date":"2019-04-25T15:14:02","date_gmt":"2019-04-25T13:14:02","guid":{"rendered":"https:\/\/www.testingtime.com\/?page_id=11019"},"modified":"2024-03-13T17:48:40","modified_gmt":"2024-03-13T15:48:40","slug":"notre-service","status":"publish","type":"page","link":"https:\/\/www.testingtime.com\/fr\/notre-service\/","title":{"rendered":"Notre service"},"content":{"rendered":"<p>Gr\u00e2ce \u00e0 notre outil en ligne, vous pouvez d\u00e9terminer vous-m\u00eame le profil de vos testeurs, ainsi que les crit\u00e8res de votre \u00e9tude. En plus des crit\u00e8res habituels (\u00e2ge, sexe, langue, lieu de r\u00e9sidence, connaissances informatiques, etc.), nous pouvons d\u00e9finir autant de crit\u00e8res suppl\u00e9mentaires que vous le souhaitez pour recruter vos participants, tels que \u00ab doit poss\u00e9der une voiture \u00bb. Cette \u00e9tape ne prend pas plus de 5 minutes. Nous \u00e9tablissons un questionnaire que nous envoyons ensuite \u00e0 un groupe de testeurs correspondant \u00e0 vos crit\u00e8res de s\u00e9lection. Si vous le souhaitez, vous pouvez aussi cr\u00e9er votre propre questionnaire pour la pr\u00e9-s\u00e9lection des participants. Nous coordonnons tous les rendez-vous entre les participants et vous, et nous veillons \u00e0 ce que les participants se pr\u00e9sentent \u00e0 l\u2019heure et \u00e0 l\u2019endroit convenus (\u00e0 distance, dans vos locaux\u2009 ou au domicile du participant). Vous pouvez en outre suivre le processus de recrutement en temps r\u00e9el.<\/p>\n<p>Au cours de votre \u00e9tude, si vous avez des questions ou des doutes concernant les testeurs, notre \u00e9quipe d\u2019assistance est disponible \u00e0 tout moment et se fera un plaisir de vous aider. Nous nous chargeons de r\u00e9mun\u00e9rer tous les participants sans aucun frais suppl\u00e9mentaire. Si le test s\u2019est d\u00e9roul\u00e9 correctement, leur r\u00e9mun\u00e9ration est vers\u00e9e sur leur compte bancaire ou sur leur compte Paypal sous 5 \u00e0 10 jours. \u00c0 la fin de votre \u00e9tude, vous avez la possibilit\u00e9 d\u2019\u00e9valuer chacun de vos participants avec un classement par \u00e9toiles et un feedback optionnel afin que nous puissions encore mieux r\u00e9pondre \u00e0 vos prochaines demandes.<\/p>\n","protected":false},"excerpt":{"rendered":"<p>Gr\u00e2ce \u00e0 notre outil en ligne, vous pouvez d\u00e9terminer vous-m\u00eame le profil de vos testeurs, ainsi que les crit\u00e8res de votre \u00e9tude. En plus des crit\u00e8res habituels (\u00e2ge, sexe, langue, lieu de r\u00e9sidence, connaissances informatiques, etc.), nous pouvons d\u00e9finir autant de crit\u00e8res suppl\u00e9mentaires que vous le souhaitez pour recruter vos participants, tels que \u00ab doit [&hellip;]<\/p>\n","protected":false},"author":21,"featured_media":0,"parent":0,"menu_order":0,"comment_status":"closed","ping_status":"closed","template":"","meta":{"_acf_changed":false,"om_disable_all_campaigns":false,"footnotes":""},"class_list":["post-11019","page","type-page","status-publish","hentry"],"acf":[],"yoast_head":"<!-- This site is optimized with the Yoast SEO Premium plugin v20.5 (Yoast SEO v20.5) - https:\/\/yoast.com\/wordpress\/plugins\/seo\/ -->\n<title>Service tout compris de recrutement de testeurs | TestingTime<\/title>\n<meta name=\"description\" content=\"Vous d\u00e9finissez votre groupe cible. Nous nous occupons de trouver vos participants, de planifier leur participation et de les r\u00e9mun\u00e9rer.\" \/>\n<meta name=\"robots\" content=\"index, follow, max-snippet:-1, max-image-preview:large, max-video-preview:-1\" \/>\n<link rel=\"canonical\" href=\"https:\/\/www.testingtime.com\/fr\/notre-service\/\" \/>\n<meta property=\"og:locale\" content=\"fr_FR\" \/>\n<meta property=\"og:type\" content=\"article\" \/>\n<meta property=\"og:title\" content=\"Notre service\" \/>\n<meta property=\"og:description\" content=\"Vous d\u00e9finissez votre groupe cible. Nous nous occupons de trouver vos participants, de planifier leur participation et de les r\u00e9mun\u00e9rer.\" \/>\n<meta property=\"og:url\" content=\"https:\/\/www.testingtime.com\/fr\/notre-service\/\" \/>\n<meta property=\"og:site_name\" content=\"TestingTime\" \/>\n<meta property=\"article:publisher\" content=\"https:\/\/www.facebook.com\/testingtime\" \/>\n<meta property=\"article:modified_time\" content=\"2024-03-13T15:48:40+00:00\" \/>\n<meta name=\"twitter:card\" content=\"summary_large_image\" \/>\n<meta name=\"twitter:site\" content=\"@testingtime\" \/>\n<meta name=\"twitter:label1\" content=\"Est. reading time\" \/>\n\t<meta name=\"twitter:data1\" content=\"2 minutes\" \/>\n<script type=\"application\/ld+json\" class=\"yoast-schema-graph\">{\"@context\":\"https:\/\/schema.org\",\"@graph\":[{\"@type\":\"WebPage\",\"@id\":\"https:\/\/www.testingtime.com\/fr\/notre-service\/\",\"url\":\"https:\/\/www.testingtime.com\/fr\/notre-service\/\",\"name\":\"Service tout compris de recrutement de testeurs | TestingTime\",\"isPartOf\":{\"@id\":\"https:\/\/www.testingtime.com\/fr\/#website\"},\"datePublished\":\"2019-04-25T13:14:02+00:00\",\"dateModified\":\"2024-03-13T15:48:40+00:00\",\"description\":\"Vous d\u00e9finissez votre groupe cible. Nous nous occupons de trouver vos participants, de planifier leur participation et de les r\u00e9mun\u00e9rer.\",\"breadcrumb\":{\"@id\":\"https:\/\/www.testingtime.com\/fr\/notre-service\/#breadcrumb\"},\"inLanguage\":\"fr-FR\",\"potentialAction\":[{\"@type\":\"ReadAction\",\"target\":[\"https:\/\/www.testingtime.com\/fr\/notre-service\/\"]}]},{\"@type\":\"BreadcrumbList\",\"@id\":\"https:\/\/www.testingtime.com\/fr\/notre-service\/#breadcrumb\",\"itemListElement\":[{\"@type\":\"ListItem\",\"position\":1,\"name\":\"TestingTime\",\"item\":\"https:\/\/www.testingtime.com\/fr\/\"},{\"@type\":\"ListItem\",\"position\":2,\"name\":\"Notre service\"}]},{\"@type\":\"WebSite\",\"@id\":\"https:\/\/www.testingtime.com\/fr\/#website\",\"url\":\"https:\/\/www.testingtime.com\/fr\/\",\"name\":\"TestingTime\",\"description\":\"Wir rekrutieren Testpersonen\",\"publisher\":{\"@id\":\"https:\/\/www.testingtime.com\/fr\/#organization\"},\"potentialAction\":[{\"@type\":\"SearchAction\",\"target\":{\"@type\":\"EntryPoint\",\"urlTemplate\":\"https:\/\/www.testingtime.com\/fr\/?s={search_term_string}\"},\"query-input\":\"required name=search_term_string\"}],\"inLanguage\":\"fr-FR\"},{\"@type\":\"Organization\",\"@id\":\"https:\/\/www.testingtime.com\/fr\/#organization\",\"name\":\"TestingTime\",\"url\":\"https:\/\/www.testingtime.com\/fr\/\",\"logo\":{\"@type\":\"ImageObject\",\"inLanguage\":\"fr-FR\",\"@id\":\"https:\/\/www.testingtime.com\/fr\/#\/schema\/logo\/image\/\",\"url\":\"https:\/\/www.testingtime.com\/app\/uploads\/2017\/04\/logo.svg\",\"contentUrl\":\"https:\/\/www.testingtime.com\/app\/uploads\/2017\/04\/logo.svg\",\"width\":1,\"height\":1,\"caption\":\"TestingTime\"},\"image\":{\"@id\":\"https:\/\/www.testingtime.com\/fr\/#\/schema\/logo\/image\/\"},\"sameAs\":[\"https:\/\/www.facebook.com\/testingtime\",\"https:\/\/twitter.com\/testingtime\",\"https:\/\/www.instagram.com\/testingtime\/\",\"https:\/\/www.linkedin.com\/company-beta\/9231506\/\",\"https:\/\/www.youtube.com\/channel\/UCpnMUgCz5FiiCUXU-U8ub1w\"]}]}<\/script>\n<!-- \/ Yoast SEO Premium plugin. -->","yoast_head_json":{"title":"Service tout compris de recrutement de testeurs | TestingTime","description":"Vous d\u00e9finissez votre groupe cible. Nous nous occupons de trouver vos participants, de planifier leur participation et de les r\u00e9mun\u00e9rer.","robots":{"index":"index","follow":"follow","max-snippet":"max-snippet:-1","max-image-preview":"max-image-preview:large","max-video-preview":"max-video-preview:-1"},"canonical":"https:\/\/www.testingtime.com\/fr\/notre-service\/","og_locale":"fr_FR","og_type":"article","og_title":"Notre service","og_description":"Vous d\u00e9finissez votre groupe cible. Nous nous occupons de trouver vos participants, de planifier leur participation et de les r\u00e9mun\u00e9rer.","og_url":"https:\/\/www.testingtime.com\/fr\/notre-service\/","og_site_name":"TestingTime","article_publisher":"https:\/\/www.facebook.com\/testingtime","article_modified_time":"2024-03-13T15:48:40+00:00","twitter_card":"summary_large_image","twitter_site":"@testingtime","twitter_misc":{"Est. reading time":"2 minutes"},"schema":{"@context":"https:\/\/schema.org","@graph":[{"@type":"WebPage","@id":"https:\/\/www.testingtime.com\/fr\/notre-service\/","url":"https:\/\/www.testingtime.com\/fr\/notre-service\/","name":"Service tout compris de recrutement de testeurs | TestingTime","isPartOf":{"@id":"https:\/\/www.testingtime.com\/fr\/#website"},"datePublished":"2019-04-25T13:14:02+00:00","dateModified":"2024-03-13T15:48:40+00:00","description":"Vous d\u00e9finissez votre groupe cible. Nous nous occupons de trouver vos participants, de planifier leur participation et de les r\u00e9mun\u00e9rer.","breadcrumb":{"@id":"https:\/\/www.testingtime.com\/fr\/notre-service\/#breadcrumb"},"inLanguage":"fr-FR","potentialAction":[{"@type":"ReadAction","target":["https:\/\/www.testingtime.com\/fr\/notre-service\/"]}]},{"@type":"BreadcrumbList","@id":"https:\/\/www.testingtime.com\/fr\/notre-service\/#breadcrumb","itemListElement":[{"@type":"ListItem","position":1,"name":"TestingTime","item":"https:\/\/www.testingtime.com\/fr\/"},{"@type":"ListItem","position":2,"name":"Notre service"}]},{"@type":"WebSite","@id":"https:\/\/www.testingtime.com\/fr\/#website","url":"https:\/\/www.testingtime.com\/fr\/","name":"TestingTime","description":"Wir rekrutieren Testpersonen","publisher":{"@id":"https:\/\/www.testingtime.com\/fr\/#organization"},"potentialAction":[{"@type":"SearchAction","target":{"@type":"EntryPoint","urlTemplate":"https:\/\/www.testingtime.com\/fr\/?s={search_term_string}"},"query-input":"required name=search_term_string"}],"inLanguage":"fr-FR"},{"@type":"Organization","@id":"https:\/\/www.testingtime.com\/fr\/#organization","name":"TestingTime","url":"https:\/\/www.testingtime.com\/fr\/","logo":{"@type":"ImageObject","inLanguage":"fr-FR","@id":"https:\/\/www.testingtime.com\/fr\/#\/schema\/logo\/image\/","url":"https:\/\/www.testingtime.com\/app\/uploads\/2017\/04\/logo.svg","contentUrl":"https:\/\/www.testingtime.com\/app\/uploads\/2017\/04\/logo.svg","width":1,"height":1,"caption":"TestingTime"},"image":{"@id":"https:\/\/www.testingtime.com\/fr\/#\/schema\/logo\/image\/"},"sameAs":["https:\/\/www.facebook.com\/testingtime","https:\/\/twitter.com\/testingtime","https:\/\/www.instagram.com\/testingtime\/","https:\/\/www.linkedin.com\/company-beta\/9231506\/","https:\/\/www.youtube.com\/channel\/UCpnMUgCz5FiiCUXU-U8ub1w"]}]}},"_links":{"self":[{"href":"https:\/\/www.testingtime.com\/fr\/wp-json\/wp\/v2\/pages\/11019","targetHints":{"allow":["GET"]}}],"collection":[{"href":"https:\/\/www.testingtime.com\/fr\/wp-json\/wp\/v2\/pages"}],"about":[{"href":"https:\/\/www.testingtime.com\/fr\/wp-json\/wp\/v2\/types\/page"}],"author":[{"embeddable":true,"href":"https:\/\/www.testingtime.com\/fr\/wp-json\/wp\/v2\/users\/21"}],"replies":[{"embeddable":true,"href":"https:\/\/www.testingtime.com\/fr\/wp-json\/wp\/v2\/comments?post=11019"}],"version-history":[{"count":76,"href":"https:\/\/www.testingtime.com\/fr\/wp-json\/wp\/v2\/pages\/11019\/revisions"}],"predecessor-version":[{"id":47414,"href":"https:\/\/www.testingtime.com\/fr\/wp-json\/wp\/v2\/pages\/11019\/revisions\/47414"}],"wp:attachment":[{"href":"https:\/\/www.testingtime.com\/fr\/wp-json\/wp\/v2\/media?parent=11019"}],"curies":[{"name":"wp","href":"https:\/\/api.w.org\/{rel}","templated":true}]}}