{"id":11330,"date":"2019-05-09T09:49:33","date_gmt":"2019-05-09T07:49:33","guid":{"rendered":"https:\/\/www.testingtime.com\/?page_id=11330"},"modified":"2026-01-23T14:49:06","modified_gmt":"2026-01-23T12:49:06","slug":"tarifs","status":"publish","type":"page","link":"https:\/\/www.testingtime.com\/fr\/tarifs\/","title":{"rendered":"Nos Tarifs"},"content":{"rendered":"","protected":false},"excerpt":{"rendered":"","protected":false},"author":15,"featured_media":0,"parent":0,"menu_order":0,"comment_status":"closed","ping_status":"closed","template":"","meta":{"_acf_changed":false,"om_disable_all_campaigns":false,"footnotes":""},"class_list":["post-11330","page","type-page","status-publish","hentry"],"acf":[],"yoast_head":"<!-- This site is optimized with the Yoast SEO Premium plugin v20.5 (Yoast SEO v20.5) - https:\/\/yoast.com\/wordpress\/plugins\/seo\/ -->\n<title>Nous recrutons des testeurs selon votre budget de recherche | TestingTime<\/title>\n<meta name=\"description\" content=\"Configurez vous-m\u00eames les crit\u00e8res de votre \u00e9tude en ligne et obtenez une estimation imm\u00e9diate. Cr\u00e9ez votre propre offre d\u00e8s maintenant.\" \/>\n<meta name=\"robots\" content=\"index, follow, max-snippet:-1, max-image-preview:large, max-video-preview:-1\" \/>\n<link rel=\"canonical\" href=\"https:\/\/www.testingtime.com\/fr\/tarifs\/\" \/>\n<meta property=\"og:locale\" content=\"fr_FR\" \/>\n<meta property=\"og:type\" content=\"article\" \/>\n<meta property=\"og:title\" content=\"Nos Tarifs\" \/>\n<meta property=\"og:description\" content=\"Configurez vous-m\u00eames les crit\u00e8res de votre \u00e9tude en ligne et obtenez une estimation imm\u00e9diate. Cr\u00e9ez votre propre offre d\u00e8s maintenant.\" \/>\n<meta property=\"og:url\" content=\"https:\/\/www.testingtime.com\/fr\/tarifs\/\" \/>\n<meta property=\"og:site_name\" content=\"TestingTime\" \/>\n<meta property=\"article:publisher\" content=\"https:\/\/www.facebook.com\/testingtime\" \/>\n<meta property=\"article:modified_time\" content=\"2026-01-23T12:49:06+00:00\" \/>\n<meta name=\"twitter:card\" content=\"summary_large_image\" \/>\n<meta name=\"twitter:site\" content=\"@testingtime\" \/>\n<script type=\"application\/ld+json\" class=\"yoast-schema-graph\">{\"@context\":\"https:\/\/schema.org\",\"@graph\":[{\"@type\":\"WebPage\",\"@id\":\"https:\/\/www.testingtime.com\/fr\/tarifs\/\",\"url\":\"https:\/\/www.testingtime.com\/fr\/tarifs\/\",\"name\":\"Nous recrutons des testeurs selon votre budget de recherche | TestingTime\",\"isPartOf\":{\"@id\":\"https:\/\/www.testingtime.com\/fr\/#website\"},\"datePublished\":\"2019-05-09T07:49:33+00:00\",\"dateModified\":\"2026-01-23T12:49:06+00:00\",\"description\":\"Configurez vous-m\u00eames les crit\u00e8res de votre \u00e9tude en ligne et obtenez une estimation imm\u00e9diate. Cr\u00e9ez votre propre offre d\u00e8s maintenant.\",\"breadcrumb\":{\"@id\":\"https:\/\/www.testingtime.com\/fr\/tarifs\/#breadcrumb\"},\"inLanguage\":\"fr-FR\",\"potentialAction\":[{\"@type\":\"ReadAction\",\"target\":[\"https:\/\/www.testingtime.com\/fr\/tarifs\/\"]}]},{\"@type\":\"BreadcrumbList\",\"@id\":\"https:\/\/www.testingtime.com\/fr\/tarifs\/#breadcrumb\",\"itemListElement\":[{\"@type\":\"ListItem\",\"position\":1,\"name\":\"TestingTime\",\"item\":\"https:\/\/www.testingtime.com\/fr\/\"},{\"@type\":\"ListItem\",\"position\":2,\"name\":\"Nos Tarifs\"}]},{\"@type\":\"WebSite\",\"@id\":\"https:\/\/www.testingtime.com\/fr\/#website\",\"url\":\"https:\/\/www.testingtime.com\/fr\/\",\"name\":\"TestingTime\",\"description\":\"Wir rekrutieren Testpersonen\",\"publisher\":{\"@id\":\"https:\/\/www.testingtime.com\/fr\/#organization\"},\"potentialAction\":[{\"@type\":\"SearchAction\",\"target\":{\"@type\":\"EntryPoint\",\"urlTemplate\":\"https:\/\/www.testingtime.com\/fr\/?s={search_term_string}\"},\"query-input\":\"required name=search_term_string\"}],\"inLanguage\":\"fr-FR\"},{\"@type\":\"Organization\",\"@id\":\"https:\/\/www.testingtime.com\/fr\/#organization\",\"name\":\"TestingTime\",\"url\":\"https:\/\/www.testingtime.com\/fr\/\",\"logo\":{\"@type\":\"ImageObject\",\"inLanguage\":\"fr-FR\",\"@id\":\"https:\/\/www.testingtime.com\/fr\/#\/schema\/logo\/image\/\",\"url\":\"https:\/\/www.testingtime.com\/app\/uploads\/2017\/04\/logo.svg\",\"contentUrl\":\"https:\/\/www.testingtime.com\/app\/uploads\/2017\/04\/logo.svg\",\"width\":1,\"height\":1,\"caption\":\"TestingTime\"},\"image\":{\"@id\":\"https:\/\/www.testingtime.com\/fr\/#\/schema\/logo\/image\/\"},\"sameAs\":[\"https:\/\/www.facebook.com\/testingtime\",\"https:\/\/twitter.com\/testingtime\",\"https:\/\/www.instagram.com\/testingtime\/\",\"https:\/\/www.linkedin.com\/company-beta\/9231506\/\",\"https:\/\/www.youtube.com\/channel\/UCpnMUgCz5FiiCUXU-U8ub1w\"]}]}<\/script>\n<!-- \/ Yoast SEO Premium plugin. -->","yoast_head_json":{"title":"Nous recrutons des testeurs selon votre budget de recherche | TestingTime","description":"Configurez vous-m\u00eames les crit\u00e8res de votre \u00e9tude en ligne et obtenez une estimation imm\u00e9diate. Cr\u00e9ez votre propre offre d\u00e8s maintenant.","robots":{"index":"index","follow":"follow","max-snippet":"max-snippet:-1","max-image-preview":"max-image-preview:large","max-video-preview":"max-video-preview:-1"},"canonical":"https:\/\/www.testingtime.com\/fr\/tarifs\/","og_locale":"fr_FR","og_type":"article","og_title":"Nos Tarifs","og_description":"Configurez vous-m\u00eames les crit\u00e8res de votre \u00e9tude en ligne et obtenez une estimation imm\u00e9diate. Cr\u00e9ez votre propre offre d\u00e8s maintenant.","og_url":"https:\/\/www.testingtime.com\/fr\/tarifs\/","og_site_name":"TestingTime","article_publisher":"https:\/\/www.facebook.com\/testingtime","article_modified_time":"2026-01-23T12:49:06+00:00","twitter_card":"summary_large_image","twitter_site":"@testingtime","schema":{"@context":"https:\/\/schema.org","@graph":[{"@type":"WebPage","@id":"https:\/\/www.testingtime.com\/fr\/tarifs\/","url":"https:\/\/www.testingtime.com\/fr\/tarifs\/","name":"Nous recrutons des testeurs selon votre budget de recherche | TestingTime","isPartOf":{"@id":"https:\/\/www.testingtime.com\/fr\/#website"},"datePublished":"2019-05-09T07:49:33+00:00","dateModified":"2026-01-23T12:49:06+00:00","description":"Configurez vous-m\u00eames les crit\u00e8res de votre \u00e9tude en ligne et obtenez une estimation imm\u00e9diate. Cr\u00e9ez votre propre offre d\u00e8s maintenant.","breadcrumb":{"@id":"https:\/\/www.testingtime.com\/fr\/tarifs\/#breadcrumb"},"inLanguage":"fr-FR","potentialAction":[{"@type":"ReadAction","target":["https:\/\/www.testingtime.com\/fr\/tarifs\/"]}]},{"@type":"BreadcrumbList","@id":"https:\/\/www.testingtime.com\/fr\/tarifs\/#breadcrumb","itemListElement":[{"@type":"ListItem","position":1,"name":"TestingTime","item":"https:\/\/www.testingtime.com\/fr\/"},{"@type":"ListItem","position":2,"name":"Nos Tarifs"}]},{"@type":"WebSite","@id":"https:\/\/www.testingtime.com\/fr\/#website","url":"https:\/\/www.testingtime.com\/fr\/","name":"TestingTime","description":"Wir rekrutieren Testpersonen","publisher":{"@id":"https:\/\/www.testingtime.com\/fr\/#organization"},"potentialAction":[{"@type":"SearchAction","target":{"@type":"EntryPoint","urlTemplate":"https:\/\/www.testingtime.com\/fr\/?s={search_term_string}"},"query-input":"required name=search_term_string"}],"inLanguage":"fr-FR"},{"@type":"Organization","@id":"https:\/\/www.testingtime.com\/fr\/#organization","name":"TestingTime","url":"https:\/\/www.testingtime.com\/fr\/","logo":{"@type":"ImageObject","inLanguage":"fr-FR","@id":"https:\/\/www.testingtime.com\/fr\/#\/schema\/logo\/image\/","url":"https:\/\/www.testingtime.com\/app\/uploads\/2017\/04\/logo.svg","contentUrl":"https:\/\/www.testingtime.com\/app\/uploads\/2017\/04\/logo.svg","width":1,"height":1,"caption":"TestingTime"},"image":{"@id":"https:\/\/www.testingtime.com\/fr\/#\/schema\/logo\/image\/"},"sameAs":["https:\/\/www.facebook.com\/testingtime","https:\/\/twitter.com\/testingtime","https:\/\/www.instagram.com\/testingtime\/","https:\/\/www.linkedin.com\/company-beta\/9231506\/","https:\/\/www.youtube.com\/channel\/UCpnMUgCz5FiiCUXU-U8ub1w"]}]}},"_links":{"self":[{"href":"https:\/\/www.testingtime.com\/fr\/wp-json\/wp\/v2\/pages\/11330","targetHints":{"allow":["GET"]}}],"collection":[{"href":"https:\/\/www.testingtime.com\/fr\/wp-json\/wp\/v2\/pages"}],"about":[{"href":"https:\/\/www.testingtime.com\/fr\/wp-json\/wp\/v2\/types\/page"}],"author":[{"embeddable":true,"href":"https:\/\/www.testingtime.com\/fr\/wp-json\/wp\/v2\/users\/15"}],"replies":[{"embeddable":true,"href":"https:\/\/www.testingtime.com\/fr\/wp-json\/wp\/v2\/comments?post=11330"}],"version-history":[{"count":94,"href":"https:\/\/www.testingtime.com\/fr\/wp-json\/wp\/v2\/pages\/11330\/revisions"}],"predecessor-version":[{"id":51898,"href":"https:\/\/www.testingtime.com\/fr\/wp-json\/wp\/v2\/pages\/11330\/revisions\/51898"}],"wp:attachment":[{"href":"https:\/\/www.testingtime.com\/fr\/wp-json\/wp\/v2\/media?parent=11330"}],"curies":[{"name":"wp","href":"https:\/\/api.w.org\/{rel}","templated":true}]}}