{"id":18802,"date":"2020-05-07T16:23:55","date_gmt":"2020-05-07T14:23:55","guid":{"rendered":"https:\/\/www.testingtime.com\/?page_id=18802"},"modified":"2025-02-20T12:42:18","modified_gmt":"2025-02-20T10:42:18","slug":"lausanne-devenir-testeur-remunere","status":"publish","type":"page","link":"https:\/\/www.testingtime.com\/fr\/lausanne-devenir-testeur-remunere\/","title":{"rendered":"Devenez testeur de produits et services r\u00e9mun\u00e9r\u00e9 \u00e0 Lausanne"},"content":{"rendered":"<p><strong>\u2713 <\/strong>Testez de nouveaux produits et services en tant que testeur r\u00e9mun\u00e9r\u00e9 \u00e0 Lausanne et gagnez en moyenne <strong><span class=\"show-on-default\">\u20ac 40<\/span><span class=\"show-on-se\">\u20ac 40<\/span><span class=\"show-on-nl\">\u20ac 40<\/span><span class=\"show-on-de\">\u20ac 40<\/span><span class=\"show-on-ch\">CHF 50<\/span><span class=\"show-on-gb\">\u00a350<\/span> de l&rsquo;heure.<\/strong><br \/>\n<strong>\u2713 <span style=\"font-weight: 400;\">Influencez les produits de demain avec votre avis : jeux vid\u00e9o, applis, gadgets, etc.<\/span><\/strong><br \/>\n<strong>\u2713 <span style=\"font-weight: 400;\">Apportez de la nouveaut\u00e9 dans votre vie quotidien. C&rsquo;est vous qui d\u00e9cidez quand vous testez.<\/span><\/strong><\/p>\n","protected":false},"excerpt":{"rendered":"<p>\u2713 Testez de nouveaux produits et services en tant que testeur r\u00e9mun\u00e9r\u00e9 \u00e0 Lausanne et gagnez en moyenne de l&rsquo;heure. \u2713 Influencez les produits de demain avec votre avis : jeux vid\u00e9o, applis, gadgets, etc. \u2713 Apportez de la nouveaut\u00e9 dans votre vie quotidien. C&rsquo;est vous qui d\u00e9cidez quand vous testez.<\/p>\n","protected":false},"author":54,"featured_media":0,"parent":0,"menu_order":0,"comment_status":"closed","ping_status":"closed","template":"","meta":{"_acf_changed":false,"om_disable_all_campaigns":false,"footnotes":""},"class_list":["post-18802","page","type-page","status-publish","hentry"],"acf":[],"yoast_head":"<!-- This site is optimized with the Yoast SEO Premium plugin v20.5 (Yoast SEO v20.5) - https:\/\/yoast.com\/wordpress\/plugins\/seo\/ -->\n<title>Devenez testeur r\u00e9mun\u00e9r\u00e9 \u00e0 Lausanne<\/title>\n<meta name=\"description\" content=\"Devenez testeur r\u00e9mun\u00e9r\u00e9 \u00e0 Lausanne : Donnez votre avis, et gagnez de l&#039;argent. Nous offrons la chance d&#039;avoir un impact.\" \/>\n<meta name=\"robots\" content=\"index, follow, max-snippet:-1, max-image-preview:large, max-video-preview:-1\" \/>\n<link rel=\"canonical\" href=\"https:\/\/www.testingtime.com\/fr\/lausanne-devenir-testeur-remunere\/\" \/>\n<meta property=\"og:locale\" content=\"fr_FR\" \/>\n<meta property=\"og:type\" content=\"article\" \/>\n<meta property=\"og:title\" content=\"Devenez testeur de produits et services r\u00e9mun\u00e9r\u00e9 \u00e0 Lausanne\" \/>\n<meta property=\"og:description\" content=\"Devenez testeur r\u00e9mun\u00e9r\u00e9 \u00e0 Lausanne : Donnez votre avis, et gagnez de l&#039;argent. Nous offrons la chance d&#039;avoir un impact.\" \/>\n<meta property=\"og:url\" content=\"https:\/\/www.testingtime.com\/fr\/lausanne-devenir-testeur-remunere\/\" \/>\n<meta property=\"og:site_name\" content=\"TestingTime\" \/>\n<meta property=\"article:publisher\" content=\"https:\/\/www.facebook.com\/testingtime\" \/>\n<meta property=\"article:modified_time\" content=\"2025-02-20T10:42:18+00:00\" \/>\n<meta name=\"twitter:card\" content=\"summary_large_image\" \/>\n<meta name=\"twitter:site\" content=\"@testingtime\" \/>\n<meta name=\"twitter:label1\" content=\"Est. reading time\" \/>\n\t<meta name=\"twitter:data1\" content=\"1 minute\" \/>\n<script type=\"application\/ld+json\" class=\"yoast-schema-graph\">{\"@context\":\"https:\/\/schema.org\",\"@graph\":[{\"@type\":\"WebPage\",\"@id\":\"https:\/\/www.testingtime.com\/fr\/lausanne-devenir-testeur-remunere\/\",\"url\":\"https:\/\/www.testingtime.com\/fr\/lausanne-devenir-testeur-remunere\/\",\"name\":\"Devenez testeur r\u00e9mun\u00e9r\u00e9 \u00e0 Lausanne\",\"isPartOf\":{\"@id\":\"https:\/\/www.testingtime.com\/fr\/#website\"},\"datePublished\":\"2020-05-07T14:23:55+00:00\",\"dateModified\":\"2025-02-20T10:42:18+00:00\",\"description\":\"Devenez testeur r\u00e9mun\u00e9r\u00e9 \u00e0 Lausanne : Donnez votre avis, et gagnez de l'argent. Nous offrons la chance d'avoir un impact.\",\"breadcrumb\":{\"@id\":\"https:\/\/www.testingtime.com\/fr\/lausanne-devenir-testeur-remunere\/#breadcrumb\"},\"inLanguage\":\"fr-FR\",\"potentialAction\":[{\"@type\":\"ReadAction\",\"target\":[\"https:\/\/www.testingtime.com\/fr\/lausanne-devenir-testeur-remunere\/\"]}]},{\"@type\":\"BreadcrumbList\",\"@id\":\"https:\/\/www.testingtime.com\/fr\/lausanne-devenir-testeur-remunere\/#breadcrumb\",\"itemListElement\":[{\"@type\":\"ListItem\",\"position\":1,\"name\":\"TestingTime\",\"item\":\"https:\/\/www.testingtime.com\/fr\/\"},{\"@type\":\"ListItem\",\"position\":2,\"name\":\"Devenez testeur de produits et services r\u00e9mun\u00e9r\u00e9 \u00e0 Lausanne\"}]},{\"@type\":\"WebSite\",\"@id\":\"https:\/\/www.testingtime.com\/fr\/#website\",\"url\":\"https:\/\/www.testingtime.com\/fr\/\",\"name\":\"TestingTime\",\"description\":\"Wir rekrutieren Testpersonen\",\"publisher\":{\"@id\":\"https:\/\/www.testingtime.com\/fr\/#organization\"},\"potentialAction\":[{\"@type\":\"SearchAction\",\"target\":{\"@type\":\"EntryPoint\",\"urlTemplate\":\"https:\/\/www.testingtime.com\/fr\/?s={search_term_string}\"},\"query-input\":\"required name=search_term_string\"}],\"inLanguage\":\"fr-FR\"},{\"@type\":\"Organization\",\"@id\":\"https:\/\/www.testingtime.com\/fr\/#organization\",\"name\":\"TestingTime\",\"url\":\"https:\/\/www.testingtime.com\/fr\/\",\"logo\":{\"@type\":\"ImageObject\",\"inLanguage\":\"fr-FR\",\"@id\":\"https:\/\/www.testingtime.com\/fr\/#\/schema\/logo\/image\/\",\"url\":\"https:\/\/www.testingtime.com\/app\/uploads\/2017\/04\/logo.svg\",\"contentUrl\":\"https:\/\/www.testingtime.com\/app\/uploads\/2017\/04\/logo.svg\",\"width\":1,\"height\":1,\"caption\":\"TestingTime\"},\"image\":{\"@id\":\"https:\/\/www.testingtime.com\/fr\/#\/schema\/logo\/image\/\"},\"sameAs\":[\"https:\/\/www.facebook.com\/testingtime\",\"https:\/\/twitter.com\/testingtime\",\"https:\/\/www.instagram.com\/testingtime\/\",\"https:\/\/www.linkedin.com\/company-beta\/9231506\/\",\"https:\/\/www.youtube.com\/channel\/UCpnMUgCz5FiiCUXU-U8ub1w\"]}]}<\/script>\n<!-- \/ Yoast SEO Premium plugin. -->","yoast_head_json":{"title":"Devenez testeur r\u00e9mun\u00e9r\u00e9 \u00e0 Lausanne","description":"Devenez testeur r\u00e9mun\u00e9r\u00e9 \u00e0 Lausanne : Donnez votre avis, et gagnez de l'argent. Nous offrons la chance d'avoir un impact.","robots":{"index":"index","follow":"follow","max-snippet":"max-snippet:-1","max-image-preview":"max-image-preview:large","max-video-preview":"max-video-preview:-1"},"canonical":"https:\/\/www.testingtime.com\/fr\/lausanne-devenir-testeur-remunere\/","og_locale":"fr_FR","og_type":"article","og_title":"Devenez testeur de produits et services r\u00e9mun\u00e9r\u00e9 \u00e0 Lausanne","og_description":"Devenez testeur r\u00e9mun\u00e9r\u00e9 \u00e0 Lausanne : Donnez votre avis, et gagnez de l'argent. Nous offrons la chance d'avoir un impact.","og_url":"https:\/\/www.testingtime.com\/fr\/lausanne-devenir-testeur-remunere\/","og_site_name":"TestingTime","article_publisher":"https:\/\/www.facebook.com\/testingtime","article_modified_time":"2025-02-20T10:42:18+00:00","twitter_card":"summary_large_image","twitter_site":"@testingtime","twitter_misc":{"Est. reading time":"1 minute"},"schema":{"@context":"https:\/\/schema.org","@graph":[{"@type":"WebPage","@id":"https:\/\/www.testingtime.com\/fr\/lausanne-devenir-testeur-remunere\/","url":"https:\/\/www.testingtime.com\/fr\/lausanne-devenir-testeur-remunere\/","name":"Devenez testeur r\u00e9mun\u00e9r\u00e9 \u00e0 Lausanne","isPartOf":{"@id":"https:\/\/www.testingtime.com\/fr\/#website"},"datePublished":"2020-05-07T14:23:55+00:00","dateModified":"2025-02-20T10:42:18+00:00","description":"Devenez testeur r\u00e9mun\u00e9r\u00e9 \u00e0 Lausanne : Donnez votre avis, et gagnez de l'argent. Nous offrons la chance d'avoir un impact.","breadcrumb":{"@id":"https:\/\/www.testingtime.com\/fr\/lausanne-devenir-testeur-remunere\/#breadcrumb"},"inLanguage":"fr-FR","potentialAction":[{"@type":"ReadAction","target":["https:\/\/www.testingtime.com\/fr\/lausanne-devenir-testeur-remunere\/"]}]},{"@type":"BreadcrumbList","@id":"https:\/\/www.testingtime.com\/fr\/lausanne-devenir-testeur-remunere\/#breadcrumb","itemListElement":[{"@type":"ListItem","position":1,"name":"TestingTime","item":"https:\/\/www.testingtime.com\/fr\/"},{"@type":"ListItem","position":2,"name":"Devenez testeur de produits et services r\u00e9mun\u00e9r\u00e9 \u00e0 Lausanne"}]},{"@type":"WebSite","@id":"https:\/\/www.testingtime.com\/fr\/#website","url":"https:\/\/www.testingtime.com\/fr\/","name":"TestingTime","description":"Wir rekrutieren Testpersonen","publisher":{"@id":"https:\/\/www.testingtime.com\/fr\/#organization"},"potentialAction":[{"@type":"SearchAction","target":{"@type":"EntryPoint","urlTemplate":"https:\/\/www.testingtime.com\/fr\/?s={search_term_string}"},"query-input":"required name=search_term_string"}],"inLanguage":"fr-FR"},{"@type":"Organization","@id":"https:\/\/www.testingtime.com\/fr\/#organization","name":"TestingTime","url":"https:\/\/www.testingtime.com\/fr\/","logo":{"@type":"ImageObject","inLanguage":"fr-FR","@id":"https:\/\/www.testingtime.com\/fr\/#\/schema\/logo\/image\/","url":"https:\/\/www.testingtime.com\/app\/uploads\/2017\/04\/logo.svg","contentUrl":"https:\/\/www.testingtime.com\/app\/uploads\/2017\/04\/logo.svg","width":1,"height":1,"caption":"TestingTime"},"image":{"@id":"https:\/\/www.testingtime.com\/fr\/#\/schema\/logo\/image\/"},"sameAs":["https:\/\/www.facebook.com\/testingtime","https:\/\/twitter.com\/testingtime","https:\/\/www.instagram.com\/testingtime\/","https:\/\/www.linkedin.com\/company-beta\/9231506\/","https:\/\/www.youtube.com\/channel\/UCpnMUgCz5FiiCUXU-U8ub1w"]}]}},"_links":{"self":[{"href":"https:\/\/www.testingtime.com\/fr\/wp-json\/wp\/v2\/pages\/18802","targetHints":{"allow":["GET"]}}],"collection":[{"href":"https:\/\/www.testingtime.com\/fr\/wp-json\/wp\/v2\/pages"}],"about":[{"href":"https:\/\/www.testingtime.com\/fr\/wp-json\/wp\/v2\/types\/page"}],"author":[{"embeddable":true,"href":"https:\/\/www.testingtime.com\/fr\/wp-json\/wp\/v2\/users\/54"}],"replies":[{"embeddable":true,"href":"https:\/\/www.testingtime.com\/fr\/wp-json\/wp\/v2\/comments?post=18802"}],"version-history":[{"count":19,"href":"https:\/\/www.testingtime.com\/fr\/wp-json\/wp\/v2\/pages\/18802\/revisions"}],"predecessor-version":[{"id":50065,"href":"https:\/\/www.testingtime.com\/fr\/wp-json\/wp\/v2\/pages\/18802\/revisions\/50065"}],"wp:attachment":[{"href":"https:\/\/www.testingtime.com\/fr\/wp-json\/wp\/v2\/media?parent=18802"}],"curies":[{"name":"wp","href":"https:\/\/api.w.org\/{rel}","templated":true}]}}