{"id":20065,"date":"2020-08-31T14:20:15","date_gmt":"2020-08-31T12:20:15","guid":{"rendered":"https:\/\/www.testingtime.com\/?page_id=20065"},"modified":"2024-03-15T17:30:40","modified_gmt":"2024-03-15T15:30:40","slug":"valeurs-de-base","status":"publish","type":"page","link":"https:\/\/www.testingtime.com\/fr\/a-propos-de-nous\/valeurs-de-base\/","title":{"rendered":"Valeurs de base"},"content":{"rendered":"","protected":false},"excerpt":{"rendered":"","protected":false},"author":60,"featured_media":0,"parent":352,"menu_order":0,"comment_status":"closed","ping_status":"closed","template":"","meta":{"_acf_changed":false,"om_disable_all_campaigns":false,"footnotes":""},"class_list":["post-20065","page","type-page","status-publish","hentry"],"acf":[],"yoast_head":"<!-- This site is optimized with the Yoast SEO Premium plugin v20.5 (Yoast SEO v20.5) - https:\/\/yoast.com\/wordpress\/plugins\/seo\/ -->\n<title>\u00c9chouer t\u00f4t, \u00e9chouer souvent, mais toujours \u00e9chouer | TestingTime<\/title>\n<meta name=\"description\" content=\"Chez TestingTime, nous croyons fermement que la diversit\u00e9 de nos collaborateurs est notre meilleure force pour continuer \u00e0 aller de l\u2019avant.\" \/>\n<meta name=\"robots\" content=\"index, follow, max-snippet:-1, max-image-preview:large, max-video-preview:-1\" \/>\n<link rel=\"canonical\" href=\"https:\/\/www.testingtime.com\/fr\/a-propos-de-nous\/valeurs-de-base\/\" \/>\n<meta property=\"og:locale\" content=\"fr_FR\" \/>\n<meta property=\"og:type\" content=\"article\" \/>\n<meta property=\"og:title\" content=\"Valeurs de base\" \/>\n<meta property=\"og:description\" content=\"Chez TestingTime, nous croyons fermement que la diversit\u00e9 de nos collaborateurs est notre meilleure force pour continuer \u00e0 aller de l\u2019avant.\" \/>\n<meta property=\"og:url\" content=\"https:\/\/www.testingtime.com\/fr\/a-propos-de-nous\/valeurs-de-base\/\" \/>\n<meta property=\"og:site_name\" content=\"TestingTime\" \/>\n<meta property=\"article:publisher\" content=\"https:\/\/www.facebook.com\/testingtime\" \/>\n<meta property=\"article:modified_time\" content=\"2024-03-15T15:30:40+00:00\" \/>\n<meta name=\"twitter:card\" content=\"summary_large_image\" \/>\n<meta name=\"twitter:site\" content=\"@testingtime\" \/>\n<script type=\"application\/ld+json\" class=\"yoast-schema-graph\">{\"@context\":\"https:\/\/schema.org\",\"@graph\":[{\"@type\":\"WebPage\",\"@id\":\"https:\/\/www.testingtime.com\/fr\/a-propos-de-nous\/valeurs-de-base\/\",\"url\":\"https:\/\/www.testingtime.com\/fr\/a-propos-de-nous\/valeurs-de-base\/\",\"name\":\"\u00c9chouer t\u00f4t, \u00e9chouer souvent, mais toujours \u00e9chouer | TestingTime\",\"isPartOf\":{\"@id\":\"https:\/\/www.testingtime.com\/fr\/#website\"},\"datePublished\":\"2020-08-31T12:20:15+00:00\",\"dateModified\":\"2024-03-15T15:30:40+00:00\",\"description\":\"Chez TestingTime, nous croyons fermement que la diversit\u00e9 de nos collaborateurs est notre meilleure force pour continuer \u00e0 aller de l\u2019avant.\",\"breadcrumb\":{\"@id\":\"https:\/\/www.testingtime.com\/fr\/a-propos-de-nous\/valeurs-de-base\/#breadcrumb\"},\"inLanguage\":\"fr-FR\",\"potentialAction\":[{\"@type\":\"ReadAction\",\"target\":[\"https:\/\/www.testingtime.com\/fr\/a-propos-de-nous\/valeurs-de-base\/\"]}]},{\"@type\":\"BreadcrumbList\",\"@id\":\"https:\/\/www.testingtime.com\/fr\/a-propos-de-nous\/valeurs-de-base\/#breadcrumb\",\"itemListElement\":[{\"@type\":\"ListItem\",\"position\":1,\"name\":\"TestingTime\",\"item\":\"https:\/\/www.testingtime.com\/fr\/\"},{\"@type\":\"ListItem\",\"position\":2,\"name\":\"\u00c0 propos de nous\",\"item\":\"https:\/\/www.testingtime.com\/fr\/a-propos-de-nous\/\"},{\"@type\":\"ListItem\",\"position\":3,\"name\":\"Valeurs de base\"}]},{\"@type\":\"WebSite\",\"@id\":\"https:\/\/www.testingtime.com\/fr\/#website\",\"url\":\"https:\/\/www.testingtime.com\/fr\/\",\"name\":\"TestingTime\",\"description\":\"Wir rekrutieren Testpersonen\",\"publisher\":{\"@id\":\"https:\/\/www.testingtime.com\/fr\/#organization\"},\"potentialAction\":[{\"@type\":\"SearchAction\",\"target\":{\"@type\":\"EntryPoint\",\"urlTemplate\":\"https:\/\/www.testingtime.com\/fr\/?s={search_term_string}\"},\"query-input\":\"required name=search_term_string\"}],\"inLanguage\":\"fr-FR\"},{\"@type\":\"Organization\",\"@id\":\"https:\/\/www.testingtime.com\/fr\/#organization\",\"name\":\"TestingTime\",\"url\":\"https:\/\/www.testingtime.com\/fr\/\",\"logo\":{\"@type\":\"ImageObject\",\"inLanguage\":\"fr-FR\",\"@id\":\"https:\/\/www.testingtime.com\/fr\/#\/schema\/logo\/image\/\",\"url\":\"https:\/\/www.testingtime.com\/app\/uploads\/2017\/04\/logo.svg\",\"contentUrl\":\"https:\/\/www.testingtime.com\/app\/uploads\/2017\/04\/logo.svg\",\"width\":1,\"height\":1,\"caption\":\"TestingTime\"},\"image\":{\"@id\":\"https:\/\/www.testingtime.com\/fr\/#\/schema\/logo\/image\/\"},\"sameAs\":[\"https:\/\/www.facebook.com\/testingtime\",\"https:\/\/twitter.com\/testingtime\",\"https:\/\/www.instagram.com\/testingtime\/\",\"https:\/\/www.linkedin.com\/company-beta\/9231506\/\",\"https:\/\/www.youtube.com\/channel\/UCpnMUgCz5FiiCUXU-U8ub1w\"]}]}<\/script>\n<!-- \/ Yoast SEO Premium plugin. -->","yoast_head_json":{"title":"\u00c9chouer t\u00f4t, \u00e9chouer souvent, mais toujours \u00e9chouer | TestingTime","description":"Chez TestingTime, nous croyons fermement que la diversit\u00e9 de nos collaborateurs est notre meilleure force pour continuer \u00e0 aller de l\u2019avant.","robots":{"index":"index","follow":"follow","max-snippet":"max-snippet:-1","max-image-preview":"max-image-preview:large","max-video-preview":"max-video-preview:-1"},"canonical":"https:\/\/www.testingtime.com\/fr\/a-propos-de-nous\/valeurs-de-base\/","og_locale":"fr_FR","og_type":"article","og_title":"Valeurs de base","og_description":"Chez TestingTime, nous croyons fermement que la diversit\u00e9 de nos collaborateurs est notre meilleure force pour continuer \u00e0 aller de l\u2019avant.","og_url":"https:\/\/www.testingtime.com\/fr\/a-propos-de-nous\/valeurs-de-base\/","og_site_name":"TestingTime","article_publisher":"https:\/\/www.facebook.com\/testingtime","article_modified_time":"2024-03-15T15:30:40+00:00","twitter_card":"summary_large_image","twitter_site":"@testingtime","schema":{"@context":"https:\/\/schema.org","@graph":[{"@type":"WebPage","@id":"https:\/\/www.testingtime.com\/fr\/a-propos-de-nous\/valeurs-de-base\/","url":"https:\/\/www.testingtime.com\/fr\/a-propos-de-nous\/valeurs-de-base\/","name":"\u00c9chouer t\u00f4t, \u00e9chouer souvent, mais toujours \u00e9chouer | TestingTime","isPartOf":{"@id":"https:\/\/www.testingtime.com\/fr\/#website"},"datePublished":"2020-08-31T12:20:15+00:00","dateModified":"2024-03-15T15:30:40+00:00","description":"Chez TestingTime, nous croyons fermement que la diversit\u00e9 de nos collaborateurs est notre meilleure force pour continuer \u00e0 aller de l\u2019avant.","breadcrumb":{"@id":"https:\/\/www.testingtime.com\/fr\/a-propos-de-nous\/valeurs-de-base\/#breadcrumb"},"inLanguage":"fr-FR","potentialAction":[{"@type":"ReadAction","target":["https:\/\/www.testingtime.com\/fr\/a-propos-de-nous\/valeurs-de-base\/"]}]},{"@type":"BreadcrumbList","@id":"https:\/\/www.testingtime.com\/fr\/a-propos-de-nous\/valeurs-de-base\/#breadcrumb","itemListElement":[{"@type":"ListItem","position":1,"name":"TestingTime","item":"https:\/\/www.testingtime.com\/fr\/"},{"@type":"ListItem","position":2,"name":"\u00c0 propos de nous","item":"https:\/\/www.testingtime.com\/fr\/a-propos-de-nous\/"},{"@type":"ListItem","position":3,"name":"Valeurs de base"}]},{"@type":"WebSite","@id":"https:\/\/www.testingtime.com\/fr\/#website","url":"https:\/\/www.testingtime.com\/fr\/","name":"TestingTime","description":"Wir rekrutieren Testpersonen","publisher":{"@id":"https:\/\/www.testingtime.com\/fr\/#organization"},"potentialAction":[{"@type":"SearchAction","target":{"@type":"EntryPoint","urlTemplate":"https:\/\/www.testingtime.com\/fr\/?s={search_term_string}"},"query-input":"required name=search_term_string"}],"inLanguage":"fr-FR"},{"@type":"Organization","@id":"https:\/\/www.testingtime.com\/fr\/#organization","name":"TestingTime","url":"https:\/\/www.testingtime.com\/fr\/","logo":{"@type":"ImageObject","inLanguage":"fr-FR","@id":"https:\/\/www.testingtime.com\/fr\/#\/schema\/logo\/image\/","url":"https:\/\/www.testingtime.com\/app\/uploads\/2017\/04\/logo.svg","contentUrl":"https:\/\/www.testingtime.com\/app\/uploads\/2017\/04\/logo.svg","width":1,"height":1,"caption":"TestingTime"},"image":{"@id":"https:\/\/www.testingtime.com\/fr\/#\/schema\/logo\/image\/"},"sameAs":["https:\/\/www.facebook.com\/testingtime","https:\/\/twitter.com\/testingtime","https:\/\/www.instagram.com\/testingtime\/","https:\/\/www.linkedin.com\/company-beta\/9231506\/","https:\/\/www.youtube.com\/channel\/UCpnMUgCz5FiiCUXU-U8ub1w"]}]}},"_links":{"self":[{"href":"https:\/\/www.testingtime.com\/fr\/wp-json\/wp\/v2\/pages\/20065","targetHints":{"allow":["GET"]}}],"collection":[{"href":"https:\/\/www.testingtime.com\/fr\/wp-json\/wp\/v2\/pages"}],"about":[{"href":"https:\/\/www.testingtime.com\/fr\/wp-json\/wp\/v2\/types\/page"}],"author":[{"embeddable":true,"href":"https:\/\/www.testingtime.com\/fr\/wp-json\/wp\/v2\/users\/60"}],"replies":[{"embeddable":true,"href":"https:\/\/www.testingtime.com\/fr\/wp-json\/wp\/v2\/comments?post=20065"}],"version-history":[{"count":13,"href":"https:\/\/www.testingtime.com\/fr\/wp-json\/wp\/v2\/pages\/20065\/revisions"}],"predecessor-version":[{"id":47569,"href":"https:\/\/www.testingtime.com\/fr\/wp-json\/wp\/v2\/pages\/20065\/revisions\/47569"}],"up":[{"embeddable":true,"href":"https:\/\/www.testingtime.com\/fr\/wp-json\/wp\/v2\/pages\/352"}],"wp:attachment":[{"href":"https:\/\/www.testingtime.com\/fr\/wp-json\/wp\/v2\/media?parent=20065"}],"curies":[{"name":"wp","href":"https:\/\/api.w.org\/{rel}","templated":true}]}}