{"id":20072,"date":"2020-08-31T14:22:28","date_gmt":"2020-08-31T12:22:28","guid":{"rendered":"https:\/\/www.testingtime.com\/?page_id=20072"},"modified":"2025-07-11T17:31:46","modified_gmt":"2025-07-11T15:31:46","slug":"emplois-carriere","status":"publish","type":"page","link":"https:\/\/www.testingtime.com\/fr\/emplois-carriere\/","title":{"rendered":"Emplois &#038; carri\u00e8re"},"content":{"rendered":"","protected":false},"excerpt":{"rendered":"","protected":false},"author":60,"featured_media":0,"parent":0,"menu_order":0,"comment_status":"closed","ping_status":"closed","template":"","meta":{"_acf_changed":false,"om_disable_all_campaigns":false,"footnotes":""},"class_list":["post-20072","page","type-page","status-publish","hentry"],"acf":[],"yoast_head":"<!-- This site is optimized with the Yoast SEO Premium plugin v20.5 (Yoast SEO v20.5) - https:\/\/yoast.com\/wordpress\/plugins\/seo\/ -->\n<title>Emplois et candidatures spontan\u00e9es | TestingTime<\/title>\n<meta name=\"description\" content=\"TestingTime est toujours \u00e0 la recherche de talents motiv\u00e9s, d\u00e9sireux d&#039;avoir un impact et d\u00e9sireux de grandir et de se d\u00e9velopper !\" \/>\n<meta name=\"robots\" content=\"index, follow, max-snippet:-1, max-image-preview:large, max-video-preview:-1\" \/>\n<link rel=\"canonical\" href=\"https:\/\/www.testingtime.com\/fr\/emplois-carriere\/\" \/>\n<meta property=\"og:locale\" content=\"fr_FR\" \/>\n<meta property=\"og:type\" content=\"article\" \/>\n<meta property=\"og:title\" content=\"Emplois &amp; carri\u00e8re\" \/>\n<meta property=\"og:description\" content=\"TestingTime est toujours \u00e0 la recherche de talents motiv\u00e9s, d\u00e9sireux d&#039;avoir un impact et d\u00e9sireux de grandir et de se d\u00e9velopper !\" \/>\n<meta property=\"og:url\" content=\"https:\/\/www.testingtime.com\/fr\/emplois-carriere\/\" \/>\n<meta property=\"og:site_name\" content=\"TestingTime\" \/>\n<meta property=\"article:publisher\" content=\"https:\/\/www.facebook.com\/testingtime\" \/>\n<meta property=\"article:modified_time\" content=\"2025-07-11T15:31:46+00:00\" \/>\n<meta name=\"twitter:card\" content=\"summary_large_image\" \/>\n<meta name=\"twitter:site\" content=\"@testingtime\" \/>\n<script type=\"application\/ld+json\" class=\"yoast-schema-graph\">{\"@context\":\"https:\/\/schema.org\",\"@graph\":[{\"@type\":\"WebPage\",\"@id\":\"https:\/\/www.testingtime.com\/fr\/emplois-carriere\/\",\"url\":\"https:\/\/www.testingtime.com\/fr\/emplois-carriere\/\",\"name\":\"Emplois et candidatures spontan\u00e9es | TestingTime\",\"isPartOf\":{\"@id\":\"https:\/\/www.testingtime.com\/fr\/#website\"},\"datePublished\":\"2020-08-31T12:22:28+00:00\",\"dateModified\":\"2025-07-11T15:31:46+00:00\",\"description\":\"TestingTime est toujours \u00e0 la recherche de talents motiv\u00e9s, d\u00e9sireux d'avoir un impact et d\u00e9sireux de grandir et de se d\u00e9velopper !\",\"breadcrumb\":{\"@id\":\"https:\/\/www.testingtime.com\/fr\/emplois-carriere\/#breadcrumb\"},\"inLanguage\":\"fr-FR\",\"potentialAction\":[{\"@type\":\"ReadAction\",\"target\":[\"https:\/\/www.testingtime.com\/fr\/emplois-carriere\/\"]}]},{\"@type\":\"BreadcrumbList\",\"@id\":\"https:\/\/www.testingtime.com\/fr\/emplois-carriere\/#breadcrumb\",\"itemListElement\":[{\"@type\":\"ListItem\",\"position\":1,\"name\":\"TestingTime\",\"item\":\"https:\/\/www.testingtime.com\/fr\/\"},{\"@type\":\"ListItem\",\"position\":2,\"name\":\"Emplois &#038; carri\u00e8re\"}]},{\"@type\":\"WebSite\",\"@id\":\"https:\/\/www.testingtime.com\/fr\/#website\",\"url\":\"https:\/\/www.testingtime.com\/fr\/\",\"name\":\"TestingTime\",\"description\":\"Wir rekrutieren Testpersonen\",\"publisher\":{\"@id\":\"https:\/\/www.testingtime.com\/fr\/#organization\"},\"potentialAction\":[{\"@type\":\"SearchAction\",\"target\":{\"@type\":\"EntryPoint\",\"urlTemplate\":\"https:\/\/www.testingtime.com\/fr\/?s={search_term_string}\"},\"query-input\":\"required name=search_term_string\"}],\"inLanguage\":\"fr-FR\"},{\"@type\":\"Organization\",\"@id\":\"https:\/\/www.testingtime.com\/fr\/#organization\",\"name\":\"TestingTime\",\"url\":\"https:\/\/www.testingtime.com\/fr\/\",\"logo\":{\"@type\":\"ImageObject\",\"inLanguage\":\"fr-FR\",\"@id\":\"https:\/\/www.testingtime.com\/fr\/#\/schema\/logo\/image\/\",\"url\":\"https:\/\/www.testingtime.com\/app\/uploads\/2017\/04\/logo.svg\",\"contentUrl\":\"https:\/\/www.testingtime.com\/app\/uploads\/2017\/04\/logo.svg\",\"width\":1,\"height\":1,\"caption\":\"TestingTime\"},\"image\":{\"@id\":\"https:\/\/www.testingtime.com\/fr\/#\/schema\/logo\/image\/\"},\"sameAs\":[\"https:\/\/www.facebook.com\/testingtime\",\"https:\/\/twitter.com\/testingtime\",\"https:\/\/www.instagram.com\/testingtime\/\",\"https:\/\/www.linkedin.com\/company-beta\/9231506\/\",\"https:\/\/www.youtube.com\/channel\/UCpnMUgCz5FiiCUXU-U8ub1w\"]}]}<\/script>\n<!-- \/ Yoast SEO Premium plugin. -->","yoast_head_json":{"title":"Emplois et candidatures spontan\u00e9es | TestingTime","description":"TestingTime est toujours \u00e0 la recherche de talents motiv\u00e9s, d\u00e9sireux d'avoir un impact et d\u00e9sireux de grandir et de se d\u00e9velopper !","robots":{"index":"index","follow":"follow","max-snippet":"max-snippet:-1","max-image-preview":"max-image-preview:large","max-video-preview":"max-video-preview:-1"},"canonical":"https:\/\/www.testingtime.com\/fr\/emplois-carriere\/","og_locale":"fr_FR","og_type":"article","og_title":"Emplois & carri\u00e8re","og_description":"TestingTime est toujours \u00e0 la recherche de talents motiv\u00e9s, d\u00e9sireux d'avoir un impact et d\u00e9sireux de grandir et de se d\u00e9velopper !","og_url":"https:\/\/www.testingtime.com\/fr\/emplois-carriere\/","og_site_name":"TestingTime","article_publisher":"https:\/\/www.facebook.com\/testingtime","article_modified_time":"2025-07-11T15:31:46+00:00","twitter_card":"summary_large_image","twitter_site":"@testingtime","schema":{"@context":"https:\/\/schema.org","@graph":[{"@type":"WebPage","@id":"https:\/\/www.testingtime.com\/fr\/emplois-carriere\/","url":"https:\/\/www.testingtime.com\/fr\/emplois-carriere\/","name":"Emplois et candidatures spontan\u00e9es | TestingTime","isPartOf":{"@id":"https:\/\/www.testingtime.com\/fr\/#website"},"datePublished":"2020-08-31T12:22:28+00:00","dateModified":"2025-07-11T15:31:46+00:00","description":"TestingTime est toujours \u00e0 la recherche de talents motiv\u00e9s, d\u00e9sireux d'avoir un impact et d\u00e9sireux de grandir et de se d\u00e9velopper !","breadcrumb":{"@id":"https:\/\/www.testingtime.com\/fr\/emplois-carriere\/#breadcrumb"},"inLanguage":"fr-FR","potentialAction":[{"@type":"ReadAction","target":["https:\/\/www.testingtime.com\/fr\/emplois-carriere\/"]}]},{"@type":"BreadcrumbList","@id":"https:\/\/www.testingtime.com\/fr\/emplois-carriere\/#breadcrumb","itemListElement":[{"@type":"ListItem","position":1,"name":"TestingTime","item":"https:\/\/www.testingtime.com\/fr\/"},{"@type":"ListItem","position":2,"name":"Emplois &#038; carri\u00e8re"}]},{"@type":"WebSite","@id":"https:\/\/www.testingtime.com\/fr\/#website","url":"https:\/\/www.testingtime.com\/fr\/","name":"TestingTime","description":"Wir rekrutieren Testpersonen","publisher":{"@id":"https:\/\/www.testingtime.com\/fr\/#organization"},"potentialAction":[{"@type":"SearchAction","target":{"@type":"EntryPoint","urlTemplate":"https:\/\/www.testingtime.com\/fr\/?s={search_term_string}"},"query-input":"required name=search_term_string"}],"inLanguage":"fr-FR"},{"@type":"Organization","@id":"https:\/\/www.testingtime.com\/fr\/#organization","name":"TestingTime","url":"https:\/\/www.testingtime.com\/fr\/","logo":{"@type":"ImageObject","inLanguage":"fr-FR","@id":"https:\/\/www.testingtime.com\/fr\/#\/schema\/logo\/image\/","url":"https:\/\/www.testingtime.com\/app\/uploads\/2017\/04\/logo.svg","contentUrl":"https:\/\/www.testingtime.com\/app\/uploads\/2017\/04\/logo.svg","width":1,"height":1,"caption":"TestingTime"},"image":{"@id":"https:\/\/www.testingtime.com\/fr\/#\/schema\/logo\/image\/"},"sameAs":["https:\/\/www.facebook.com\/testingtime","https:\/\/twitter.com\/testingtime","https:\/\/www.instagram.com\/testingtime\/","https:\/\/www.linkedin.com\/company-beta\/9231506\/","https:\/\/www.youtube.com\/channel\/UCpnMUgCz5FiiCUXU-U8ub1w"]}]}},"_links":{"self":[{"href":"https:\/\/www.testingtime.com\/fr\/wp-json\/wp\/v2\/pages\/20072","targetHints":{"allow":["GET"]}}],"collection":[{"href":"https:\/\/www.testingtime.com\/fr\/wp-json\/wp\/v2\/pages"}],"about":[{"href":"https:\/\/www.testingtime.com\/fr\/wp-json\/wp\/v2\/types\/page"}],"author":[{"embeddable":true,"href":"https:\/\/www.testingtime.com\/fr\/wp-json\/wp\/v2\/users\/60"}],"replies":[{"embeddable":true,"href":"https:\/\/www.testingtime.com\/fr\/wp-json\/wp\/v2\/comments?post=20072"}],"version-history":[{"count":43,"href":"https:\/\/www.testingtime.com\/fr\/wp-json\/wp\/v2\/pages\/20072\/revisions"}],"predecessor-version":[{"id":51501,"href":"https:\/\/www.testingtime.com\/fr\/wp-json\/wp\/v2\/pages\/20072\/revisions\/51501"}],"wp:attachment":[{"href":"https:\/\/www.testingtime.com\/fr\/wp-json\/wp\/v2\/media?parent=20072"}],"curies":[{"name":"wp","href":"https:\/\/api.w.org\/{rel}","templated":true}]}}