{"id":49901,"date":"2025-02-10T15:17:07","date_gmt":"2025-02-10T13:17:07","guid":{"rendered":"https:\/\/www.testingtime.com\/?page_id=49901"},"modified":"2025-03-25T15:17:31","modified_gmt":"2025-03-25T13:17:31","slug":"devenir-un-testeur-remunere","status":"publish","type":"page","link":"https:\/\/www.testingtime.com\/fr\/devenir-un-testeur-remunere\/","title":{"rendered":"Devenir un testeur r\u00e9mun\u00e9r\u00e9"},"content":{"rendered":"<p><span style=\"font-weight: 400;\">Testez des produits et services innovants\u00a0: partagez votre avis et fa\u00e7onnez les produits de demain. Devenez testeur r\u00e9mun\u00e9r\u00e9 d\u00e8s aujourd\u2019hui\u00a0!<\/span><\/p>\n","protected":false},"excerpt":{"rendered":"<p>Testez des produits et services innovants\u00a0: partagez votre avis et fa\u00e7onnez les produits de demain. Devenez testeur r\u00e9mun\u00e9r\u00e9 d\u00e8s aujourd\u2019hui\u00a0!<\/p>\n","protected":false},"author":116,"featured_media":29080,"parent":0,"menu_order":0,"comment_status":"closed","ping_status":"closed","template":"","meta":{"_acf_changed":false,"om_disable_all_campaigns":false,"footnotes":""},"class_list":["post-49901","page","type-page","status-publish","has-post-thumbnail","hentry"],"acf":[],"yoast_head":"<!-- This site is optimized with the Yoast SEO Premium plugin v20.5 (Yoast SEO v20.5) - https:\/\/yoast.com\/wordpress\/plugins\/seo\/ -->\n<title>Devenez testeur r\u00e9mun\u00e9r\u00e9 : Testez et gagnez de l&#039;argent<\/title>\n<meta name=\"description\" content=\"Testez des produits : Devenez un testeur r\u00e9mun\u00e9r\u00e9 et aidez \u00e0 rendre leurs nouveaux produits et services plus faciles \u00e0 utiliser.\" \/>\n<meta name=\"robots\" content=\"index, follow, max-snippet:-1, max-image-preview:large, max-video-preview:-1\" \/>\n<link rel=\"canonical\" href=\"https:\/\/www.testingtime.com\/fr\/devenir-un-testeur-remunere\/\" \/>\n<meta property=\"og:locale\" content=\"fr_FR\" \/>\n<meta property=\"og:type\" content=\"article\" \/>\n<meta property=\"og:title\" content=\"Devenir un testeur r\u00e9mun\u00e9r\u00e9\" \/>\n<meta property=\"og:description\" content=\"Testez des produits : Devenez un testeur r\u00e9mun\u00e9r\u00e9 et aidez \u00e0 rendre leurs nouveaux produits et services plus faciles \u00e0 utiliser.\" \/>\n<meta property=\"og:url\" content=\"https:\/\/www.testingtime.com\/fr\/devenir-un-testeur-remunere\/\" \/>\n<meta property=\"og:site_name\" content=\"TestingTime\" \/>\n<meta property=\"article:publisher\" content=\"https:\/\/www.facebook.com\/testingtime\" \/>\n<meta property=\"article:modified_time\" content=\"2025-03-25T13:17:31+00:00\" \/>\n<meta property=\"og:image\" content=\"https:\/\/www.testingtime.com\/app\/uploads\/2021\/08\/DE_LP_HEader.png\" \/>\n\t<meta property=\"og:image:width\" content=\"2064\" \/>\n\t<meta property=\"og:image:height\" content=\"1140\" \/>\n\t<meta property=\"og:image:type\" content=\"image\/png\" \/>\n<meta name=\"twitter:card\" content=\"summary_large_image\" \/>\n<meta name=\"twitter:site\" content=\"@testingtime\" \/>\n<meta name=\"twitter:label1\" content=\"Est. reading time\" \/>\n\t<meta name=\"twitter:data1\" content=\"1 minute\" \/>\n<script type=\"application\/ld+json\" class=\"yoast-schema-graph\">{\"@context\":\"https:\/\/schema.org\",\"@graph\":[{\"@type\":\"WebPage\",\"@id\":\"https:\/\/www.testingtime.com\/fr\/devenir-un-testeur-remunere\/\",\"url\":\"https:\/\/www.testingtime.com\/fr\/devenir-un-testeur-remunere\/\",\"name\":\"Devenez testeur r\u00e9mun\u00e9r\u00e9 : Testez et gagnez de l'argent\",\"isPartOf\":{\"@id\":\"https:\/\/www.testingtime.com\/fr\/#website\"},\"datePublished\":\"2025-02-10T13:17:07+00:00\",\"dateModified\":\"2025-03-25T13:17:31+00:00\",\"description\":\"Testez des produits : Devenez un testeur r\u00e9mun\u00e9r\u00e9 et aidez \u00e0 rendre leurs nouveaux produits et services plus faciles \u00e0 utiliser.\",\"breadcrumb\":{\"@id\":\"https:\/\/www.testingtime.com\/fr\/devenir-un-testeur-remunere\/#breadcrumb\"},\"inLanguage\":\"fr-FR\",\"potentialAction\":[{\"@type\":\"ReadAction\",\"target\":[\"https:\/\/www.testingtime.com\/fr\/devenir-un-testeur-remunere\/\"]}]},{\"@type\":\"BreadcrumbList\",\"@id\":\"https:\/\/www.testingtime.com\/fr\/devenir-un-testeur-remunere\/#breadcrumb\",\"itemListElement\":[{\"@type\":\"ListItem\",\"position\":1,\"name\":\"TestingTime\",\"item\":\"https:\/\/www.testingtime.com\/fr\/\"},{\"@type\":\"ListItem\",\"position\":2,\"name\":\"Devenir un testeur r\u00e9mun\u00e9r\u00e9\"}]},{\"@type\":\"WebSite\",\"@id\":\"https:\/\/www.testingtime.com\/fr\/#website\",\"url\":\"https:\/\/www.testingtime.com\/fr\/\",\"name\":\"TestingTime\",\"description\":\"Wir rekrutieren Testpersonen\",\"publisher\":{\"@id\":\"https:\/\/www.testingtime.com\/fr\/#organization\"},\"potentialAction\":[{\"@type\":\"SearchAction\",\"target\":{\"@type\":\"EntryPoint\",\"urlTemplate\":\"https:\/\/www.testingtime.com\/fr\/?s={search_term_string}\"},\"query-input\":\"required name=search_term_string\"}],\"inLanguage\":\"fr-FR\"},{\"@type\":\"Organization\",\"@id\":\"https:\/\/www.testingtime.com\/fr\/#organization\",\"name\":\"TestingTime\",\"url\":\"https:\/\/www.testingtime.com\/fr\/\",\"logo\":{\"@type\":\"ImageObject\",\"inLanguage\":\"fr-FR\",\"@id\":\"https:\/\/www.testingtime.com\/fr\/#\/schema\/logo\/image\/\",\"url\":\"https:\/\/www.testingtime.com\/app\/uploads\/2017\/04\/logo.svg\",\"contentUrl\":\"https:\/\/www.testingtime.com\/app\/uploads\/2017\/04\/logo.svg\",\"width\":1,\"height\":1,\"caption\":\"TestingTime\"},\"image\":{\"@id\":\"https:\/\/www.testingtime.com\/fr\/#\/schema\/logo\/image\/\"},\"sameAs\":[\"https:\/\/www.facebook.com\/testingtime\",\"https:\/\/twitter.com\/testingtime\",\"https:\/\/www.instagram.com\/testingtime\/\",\"https:\/\/www.linkedin.com\/company-beta\/9231506\/\",\"https:\/\/www.youtube.com\/channel\/UCpnMUgCz5FiiCUXU-U8ub1w\"]}]}<\/script>\n<!-- \/ Yoast SEO Premium plugin. -->","yoast_head_json":{"title":"Devenez testeur r\u00e9mun\u00e9r\u00e9 : Testez et gagnez de l'argent","description":"Testez des produits : Devenez un testeur r\u00e9mun\u00e9r\u00e9 et aidez \u00e0 rendre leurs nouveaux produits et services plus faciles \u00e0 utiliser.","robots":{"index":"index","follow":"follow","max-snippet":"max-snippet:-1","max-image-preview":"max-image-preview:large","max-video-preview":"max-video-preview:-1"},"canonical":"https:\/\/www.testingtime.com\/fr\/devenir-un-testeur-remunere\/","og_locale":"fr_FR","og_type":"article","og_title":"Devenir un testeur r\u00e9mun\u00e9r\u00e9","og_description":"Testez des produits : Devenez un testeur r\u00e9mun\u00e9r\u00e9 et aidez \u00e0 rendre leurs nouveaux produits et services plus faciles \u00e0 utiliser.","og_url":"https:\/\/www.testingtime.com\/fr\/devenir-un-testeur-remunere\/","og_site_name":"TestingTime","article_publisher":"https:\/\/www.facebook.com\/testingtime","article_modified_time":"2025-03-25T13:17:31+00:00","og_image":[{"width":2064,"height":1140,"url":"https:\/\/www.testingtime.com\/app\/uploads\/2021\/08\/DE_LP_HEader.png","type":"image\/png"}],"twitter_card":"summary_large_image","twitter_site":"@testingtime","twitter_misc":{"Est. reading time":"1 minute"},"schema":{"@context":"https:\/\/schema.org","@graph":[{"@type":"WebPage","@id":"https:\/\/www.testingtime.com\/fr\/devenir-un-testeur-remunere\/","url":"https:\/\/www.testingtime.com\/fr\/devenir-un-testeur-remunere\/","name":"Devenez testeur r\u00e9mun\u00e9r\u00e9 : Testez et gagnez de l'argent","isPartOf":{"@id":"https:\/\/www.testingtime.com\/fr\/#website"},"datePublished":"2025-02-10T13:17:07+00:00","dateModified":"2025-03-25T13:17:31+00:00","description":"Testez des produits : Devenez un testeur r\u00e9mun\u00e9r\u00e9 et aidez \u00e0 rendre leurs nouveaux produits et services plus faciles \u00e0 utiliser.","breadcrumb":{"@id":"https:\/\/www.testingtime.com\/fr\/devenir-un-testeur-remunere\/#breadcrumb"},"inLanguage":"fr-FR","potentialAction":[{"@type":"ReadAction","target":["https:\/\/www.testingtime.com\/fr\/devenir-un-testeur-remunere\/"]}]},{"@type":"BreadcrumbList","@id":"https:\/\/www.testingtime.com\/fr\/devenir-un-testeur-remunere\/#breadcrumb","itemListElement":[{"@type":"ListItem","position":1,"name":"TestingTime","item":"https:\/\/www.testingtime.com\/fr\/"},{"@type":"ListItem","position":2,"name":"Devenir un testeur r\u00e9mun\u00e9r\u00e9"}]},{"@type":"WebSite","@id":"https:\/\/www.testingtime.com\/fr\/#website","url":"https:\/\/www.testingtime.com\/fr\/","name":"TestingTime","description":"Wir rekrutieren Testpersonen","publisher":{"@id":"https:\/\/www.testingtime.com\/fr\/#organization"},"potentialAction":[{"@type":"SearchAction","target":{"@type":"EntryPoint","urlTemplate":"https:\/\/www.testingtime.com\/fr\/?s={search_term_string}"},"query-input":"required name=search_term_string"}],"inLanguage":"fr-FR"},{"@type":"Organization","@id":"https:\/\/www.testingtime.com\/fr\/#organization","name":"TestingTime","url":"https:\/\/www.testingtime.com\/fr\/","logo":{"@type":"ImageObject","inLanguage":"fr-FR","@id":"https:\/\/www.testingtime.com\/fr\/#\/schema\/logo\/image\/","url":"https:\/\/www.testingtime.com\/app\/uploads\/2017\/04\/logo.svg","contentUrl":"https:\/\/www.testingtime.com\/app\/uploads\/2017\/04\/logo.svg","width":1,"height":1,"caption":"TestingTime"},"image":{"@id":"https:\/\/www.testingtime.com\/fr\/#\/schema\/logo\/image\/"},"sameAs":["https:\/\/www.facebook.com\/testingtime","https:\/\/twitter.com\/testingtime","https:\/\/www.instagram.com\/testingtime\/","https:\/\/www.linkedin.com\/company-beta\/9231506\/","https:\/\/www.youtube.com\/channel\/UCpnMUgCz5FiiCUXU-U8ub1w"]}]}},"_links":{"self":[{"href":"https:\/\/www.testingtime.com\/fr\/wp-json\/wp\/v2\/pages\/49901","targetHints":{"allow":["GET"]}}],"collection":[{"href":"https:\/\/www.testingtime.com\/fr\/wp-json\/wp\/v2\/pages"}],"about":[{"href":"https:\/\/www.testingtime.com\/fr\/wp-json\/wp\/v2\/types\/page"}],"author":[{"embeddable":true,"href":"https:\/\/www.testingtime.com\/fr\/wp-json\/wp\/v2\/users\/116"}],"replies":[{"embeddable":true,"href":"https:\/\/www.testingtime.com\/fr\/wp-json\/wp\/v2\/comments?post=49901"}],"version-history":[{"count":10,"href":"https:\/\/www.testingtime.com\/fr\/wp-json\/wp\/v2\/pages\/49901\/revisions"}],"predecessor-version":[{"id":50524,"href":"https:\/\/www.testingtime.com\/fr\/wp-json\/wp\/v2\/pages\/49901\/revisions\/50524"}],"wp:featuredmedia":[{"embeddable":true,"href":"https:\/\/www.testingtime.com\/fr\/wp-json\/wp\/v2\/media\/29080"}],"wp:attachment":[{"href":"https:\/\/www.testingtime.com\/fr\/wp-json\/wp\/v2\/media?parent=49901"}],"curies":[{"name":"wp","href":"https:\/\/api.w.org\/{rel}","templated":true}]}}