{"id":50000,"date":"2025-02-14T14:46:57","date_gmt":"2025-02-14T12:46:57","guid":{"rendered":"https:\/\/www.testingtime.com\/?page_id=50000"},"modified":"2025-02-14T14:46:57","modified_gmt":"2025-02-14T12:46:57","slug":"test-de-produit-remunere","status":"publish","type":"page","link":"https:\/\/www.testingtime.com\/fr\/test-de-produit-remunere\/","title":{"rendered":"Test de produit r\u00e9mun\u00e9r\u00e9"},"content":{"rendered":"","protected":false},"excerpt":{"rendered":"","protected":false},"author":116,"featured_media":0,"parent":0,"menu_order":0,"comment_status":"closed","ping_status":"closed","template":"","meta":{"_acf_changed":false,"om_disable_all_campaigns":false,"footnotes":""},"class_list":["post-50000","page","type-page","status-publish","hentry"],"acf":[],"yoast_head":"<!-- This site is optimized with the Yoast SEO Premium plugin v20.5 (Yoast SEO v20.5) - https:\/\/yoast.com\/wordpress\/plugins\/seo\/ -->\n<title>Test de produit r\u00e9mun\u00e9r\u00e9 : Donnez votre avis et soyez r\u00e9mun\u00e9r\u00e9.<\/title>\n<meta name=\"description\" content=\"Test de produit r\u00e9mun\u00e9r\u00e9 : Peut-on vraiment gagner de l&#039;argent en testant des articles ? Donnez votre avis et soyez r\u00e9mun\u00e9r\u00e9.\" \/>\n<meta name=\"robots\" content=\"index, nofollow, max-snippet:-1, max-image-preview:large, max-video-preview:-1\" \/>\n<link rel=\"canonical\" href=\"https:\/\/www.testingtime.com\/fr\/test-de-produit-remunere\/\" \/>\n<meta property=\"og:locale\" content=\"fr_FR\" \/>\n<meta property=\"og:type\" content=\"article\" \/>\n<meta property=\"og:title\" content=\"Test de produit r\u00e9mun\u00e9r\u00e9\" \/>\n<meta property=\"og:description\" content=\"Test de produit r\u00e9mun\u00e9r\u00e9 : Peut-on vraiment gagner de l&#039;argent en testant des articles ? Donnez votre avis et soyez r\u00e9mun\u00e9r\u00e9.\" \/>\n<meta property=\"og:url\" content=\"https:\/\/www.testingtime.com\/fr\/test-de-produit-remunere\/\" \/>\n<meta property=\"og:site_name\" content=\"TestingTime\" \/>\n<meta property=\"article:publisher\" content=\"https:\/\/www.facebook.com\/testingtime\" \/>\n<meta name=\"twitter:card\" content=\"summary_large_image\" \/>\n<meta name=\"twitter:site\" content=\"@testingtime\" \/>\n<script type=\"application\/ld+json\" class=\"yoast-schema-graph\">{\"@context\":\"https:\/\/schema.org\",\"@graph\":[{\"@type\":\"WebPage\",\"@id\":\"https:\/\/www.testingtime.com\/fr\/test-de-produit-remunere\/\",\"url\":\"https:\/\/www.testingtime.com\/fr\/test-de-produit-remunere\/\",\"name\":\"Test de produit r\u00e9mun\u00e9r\u00e9 : Donnez votre avis et soyez r\u00e9mun\u00e9r\u00e9.\",\"isPartOf\":{\"@id\":\"https:\/\/www.testingtime.com\/fr\/#website\"},\"datePublished\":\"2025-02-14T12:46:57+00:00\",\"dateModified\":\"2025-02-14T12:46:57+00:00\",\"description\":\"Test de produit r\u00e9mun\u00e9r\u00e9 : Peut-on vraiment gagner de l'argent en testant des articles ? Donnez votre avis et soyez r\u00e9mun\u00e9r\u00e9.\",\"breadcrumb\":{\"@id\":\"https:\/\/www.testingtime.com\/fr\/test-de-produit-remunere\/#breadcrumb\"},\"inLanguage\":\"fr-FR\",\"potentialAction\":[{\"@type\":\"ReadAction\",\"target\":[\"https:\/\/www.testingtime.com\/fr\/test-de-produit-remunere\/\"]}]},{\"@type\":\"BreadcrumbList\",\"@id\":\"https:\/\/www.testingtime.com\/fr\/test-de-produit-remunere\/#breadcrumb\",\"itemListElement\":[{\"@type\":\"ListItem\",\"position\":1,\"name\":\"TestingTime\",\"item\":\"https:\/\/www.testingtime.com\/fr\/\"},{\"@type\":\"ListItem\",\"position\":2,\"name\":\"Test de produit r\u00e9mun\u00e9r\u00e9\"}]},{\"@type\":\"WebSite\",\"@id\":\"https:\/\/www.testingtime.com\/fr\/#website\",\"url\":\"https:\/\/www.testingtime.com\/fr\/\",\"name\":\"TestingTime\",\"description\":\"Wir rekrutieren Testpersonen\",\"publisher\":{\"@id\":\"https:\/\/www.testingtime.com\/fr\/#organization\"},\"potentialAction\":[{\"@type\":\"SearchAction\",\"target\":{\"@type\":\"EntryPoint\",\"urlTemplate\":\"https:\/\/www.testingtime.com\/fr\/?s={search_term_string}\"},\"query-input\":\"required name=search_term_string\"}],\"inLanguage\":\"fr-FR\"},{\"@type\":\"Organization\",\"@id\":\"https:\/\/www.testingtime.com\/fr\/#organization\",\"name\":\"TestingTime\",\"url\":\"https:\/\/www.testingtime.com\/fr\/\",\"logo\":{\"@type\":\"ImageObject\",\"inLanguage\":\"fr-FR\",\"@id\":\"https:\/\/www.testingtime.com\/fr\/#\/schema\/logo\/image\/\",\"url\":\"https:\/\/www.testingtime.com\/app\/uploads\/2017\/04\/logo.svg\",\"contentUrl\":\"https:\/\/www.testingtime.com\/app\/uploads\/2017\/04\/logo.svg\",\"width\":1,\"height\":1,\"caption\":\"TestingTime\"},\"image\":{\"@id\":\"https:\/\/www.testingtime.com\/fr\/#\/schema\/logo\/image\/\"},\"sameAs\":[\"https:\/\/www.facebook.com\/testingtime\",\"https:\/\/twitter.com\/testingtime\",\"https:\/\/www.instagram.com\/testingtime\/\",\"https:\/\/www.linkedin.com\/company-beta\/9231506\/\",\"https:\/\/www.youtube.com\/channel\/UCpnMUgCz5FiiCUXU-U8ub1w\"]}]}<\/script>\n<!-- \/ Yoast SEO Premium plugin. -->","yoast_head_json":{"title":"Test de produit r\u00e9mun\u00e9r\u00e9 : Donnez votre avis et soyez r\u00e9mun\u00e9r\u00e9.","description":"Test de produit r\u00e9mun\u00e9r\u00e9 : Peut-on vraiment gagner de l'argent en testant des articles ? Donnez votre avis et soyez r\u00e9mun\u00e9r\u00e9.","robots":{"index":"index","follow":"nofollow","max-snippet":"max-snippet:-1","max-image-preview":"max-image-preview:large","max-video-preview":"max-video-preview:-1"},"canonical":"https:\/\/www.testingtime.com\/fr\/test-de-produit-remunere\/","og_locale":"fr_FR","og_type":"article","og_title":"Test de produit r\u00e9mun\u00e9r\u00e9","og_description":"Test de produit r\u00e9mun\u00e9r\u00e9 : Peut-on vraiment gagner de l'argent en testant des articles ? Donnez votre avis et soyez r\u00e9mun\u00e9r\u00e9.","og_url":"https:\/\/www.testingtime.com\/fr\/test-de-produit-remunere\/","og_site_name":"TestingTime","article_publisher":"https:\/\/www.facebook.com\/testingtime","twitter_card":"summary_large_image","twitter_site":"@testingtime","schema":{"@context":"https:\/\/schema.org","@graph":[{"@type":"WebPage","@id":"https:\/\/www.testingtime.com\/fr\/test-de-produit-remunere\/","url":"https:\/\/www.testingtime.com\/fr\/test-de-produit-remunere\/","name":"Test de produit r\u00e9mun\u00e9r\u00e9 : Donnez votre avis et soyez r\u00e9mun\u00e9r\u00e9.","isPartOf":{"@id":"https:\/\/www.testingtime.com\/fr\/#website"},"datePublished":"2025-02-14T12:46:57+00:00","dateModified":"2025-02-14T12:46:57+00:00","description":"Test de produit r\u00e9mun\u00e9r\u00e9 : Peut-on vraiment gagner de l'argent en testant des articles ? Donnez votre avis et soyez r\u00e9mun\u00e9r\u00e9.","breadcrumb":{"@id":"https:\/\/www.testingtime.com\/fr\/test-de-produit-remunere\/#breadcrumb"},"inLanguage":"fr-FR","potentialAction":[{"@type":"ReadAction","target":["https:\/\/www.testingtime.com\/fr\/test-de-produit-remunere\/"]}]},{"@type":"BreadcrumbList","@id":"https:\/\/www.testingtime.com\/fr\/test-de-produit-remunere\/#breadcrumb","itemListElement":[{"@type":"ListItem","position":1,"name":"TestingTime","item":"https:\/\/www.testingtime.com\/fr\/"},{"@type":"ListItem","position":2,"name":"Test de produit r\u00e9mun\u00e9r\u00e9"}]},{"@type":"WebSite","@id":"https:\/\/www.testingtime.com\/fr\/#website","url":"https:\/\/www.testingtime.com\/fr\/","name":"TestingTime","description":"Wir rekrutieren Testpersonen","publisher":{"@id":"https:\/\/www.testingtime.com\/fr\/#organization"},"potentialAction":[{"@type":"SearchAction","target":{"@type":"EntryPoint","urlTemplate":"https:\/\/www.testingtime.com\/fr\/?s={search_term_string}"},"query-input":"required name=search_term_string"}],"inLanguage":"fr-FR"},{"@type":"Organization","@id":"https:\/\/www.testingtime.com\/fr\/#organization","name":"TestingTime","url":"https:\/\/www.testingtime.com\/fr\/","logo":{"@type":"ImageObject","inLanguage":"fr-FR","@id":"https:\/\/www.testingtime.com\/fr\/#\/schema\/logo\/image\/","url":"https:\/\/www.testingtime.com\/app\/uploads\/2017\/04\/logo.svg","contentUrl":"https:\/\/www.testingtime.com\/app\/uploads\/2017\/04\/logo.svg","width":1,"height":1,"caption":"TestingTime"},"image":{"@id":"https:\/\/www.testingtime.com\/fr\/#\/schema\/logo\/image\/"},"sameAs":["https:\/\/www.facebook.com\/testingtime","https:\/\/twitter.com\/testingtime","https:\/\/www.instagram.com\/testingtime\/","https:\/\/www.linkedin.com\/company-beta\/9231506\/","https:\/\/www.youtube.com\/channel\/UCpnMUgCz5FiiCUXU-U8ub1w"]}]}},"_links":{"self":[{"href":"https:\/\/www.testingtime.com\/fr\/wp-json\/wp\/v2\/pages\/50000","targetHints":{"allow":["GET"]}}],"collection":[{"href":"https:\/\/www.testingtime.com\/fr\/wp-json\/wp\/v2\/pages"}],"about":[{"href":"https:\/\/www.testingtime.com\/fr\/wp-json\/wp\/v2\/types\/page"}],"author":[{"embeddable":true,"href":"https:\/\/www.testingtime.com\/fr\/wp-json\/wp\/v2\/users\/116"}],"replies":[{"embeddable":true,"href":"https:\/\/www.testingtime.com\/fr\/wp-json\/wp\/v2\/comments?post=50000"}],"version-history":[{"count":2,"href":"https:\/\/www.testingtime.com\/fr\/wp-json\/wp\/v2\/pages\/50000\/revisions"}],"predecessor-version":[{"id":50002,"href":"https:\/\/www.testingtime.com\/fr\/wp-json\/wp\/v2\/pages\/50000\/revisions\/50002"}],"wp:attachment":[{"href":"https:\/\/www.testingtime.com\/fr\/wp-json\/wp\/v2\/media?parent=50000"}],"curies":[{"name":"wp","href":"https:\/\/api.w.org\/{rel}","templated":true}]}}