{"id":9773,"date":"2019-03-04T19:24:32","date_gmt":"2019-03-04T17:24:32","guid":{"rendered":"https:\/\/www.testingtime.com\/?page_id=9773"},"modified":"2025-02-20T12:50:31","modified_gmt":"2025-02-20T10:50:31","slug":"tester-des-jeux-videos","status":"publish","type":"page","link":"https:\/\/www.testingtime.com\/fr\/tester-des-jeux-videos\/","title":{"rendered":"Tester des jeux vid\u00e9os"},"content":{"rendered":"<p>Tester des jeux vid\u00e9os, jeux mobiles et plein d\u2019autres nouveaut\u00e9s chez vous, \u00e0 distance ou dans les locaux de nos clients. Nous offrons les plus hautes r\u00e9mun\u00e9rations du march\u00e9, jusqu\u2019\u00e0 <span class=\"show-on-default\">\u20ac40<\/span><span class=\"show-on-se\">\u20ac40<\/span><span class=\"show-on-nl\">\u20ac40<\/span><span class=\"show-on-de\">\u20ac40<\/span><span class=\"show-on-ch\">CHF 50<\/span><span class=\"show-on-gb\">\u00a350<\/span> de l\u2019heure. Participez au d\u00e9veloppement des jeux de demain. C\u2019est rapide, fun et faisable en moyenne en moins d\u2019une heure.<\/p>\n","protected":false},"excerpt":{"rendered":"<p>Tester des jeux vid\u00e9os, jeux mobiles et plein d\u2019autres nouveaut\u00e9s chez vous, \u00e0 distance ou dans les locaux de nos clients. Nous offrons les plus hautes r\u00e9mun\u00e9rations du march\u00e9, jusqu\u2019\u00e0 de l\u2019heure. Participez au d\u00e9veloppement des jeux de demain. C\u2019est rapide, fun et faisable en moyenne en moins d\u2019une heure.<\/p>\n","protected":false},"author":22,"featured_media":0,"parent":0,"menu_order":0,"comment_status":"closed","ping_status":"closed","template":"","meta":{"_acf_changed":false,"om_disable_all_campaigns":false,"footnotes":""},"class_list":["post-9773","page","type-page","status-publish","hentry"],"acf":[],"yoast_head":"<!-- This site is optimized with the Yoast SEO Premium plugin v20.5 (Yoast SEO v20.5) - https:\/\/yoast.com\/wordpress\/plugins\/seo\/ -->\n<title>Tester des jeux vid\u00e9os et gagnez de l&#039;argent en vous amusant<\/title>\n<meta name=\"description\" content=\"Tester des jeux vid\u00e9os, donnez votre opinion et gagnez de l&#039;argent. Nous offrons les plus hautes r\u00e9mun\u00e9rations du march\u00e9.\" \/>\n<meta name=\"robots\" content=\"index, nofollow, max-snippet:-1, max-image-preview:large, max-video-preview:-1\" \/>\n<link rel=\"canonical\" href=\"https:\/\/www.testingtime.com\/fr\/tester-des-jeux-videos\/\" \/>\n<meta property=\"og:locale\" content=\"fr_FR\" \/>\n<meta property=\"og:type\" content=\"article\" \/>\n<meta property=\"og:title\" content=\"Tester des jeux vid\u00e9os\" \/>\n<meta property=\"og:description\" content=\"Tester des jeux vid\u00e9os, donnez votre opinion et gagnez de l&#039;argent. Nous offrons les plus hautes r\u00e9mun\u00e9rations du march\u00e9.\" \/>\n<meta property=\"og:url\" content=\"https:\/\/www.testingtime.com\/fr\/tester-des-jeux-videos\/\" \/>\n<meta property=\"og:site_name\" content=\"TestingTime\" \/>\n<meta property=\"article:publisher\" content=\"https:\/\/www.facebook.com\/testingtime\" \/>\n<meta property=\"article:modified_time\" content=\"2025-02-20T10:50:31+00:00\" \/>\n<meta name=\"twitter:card\" content=\"summary_large_image\" \/>\n<meta name=\"twitter:site\" content=\"@testingtime\" \/>\n<meta name=\"twitter:label1\" content=\"Est. reading time\" \/>\n\t<meta name=\"twitter:data1\" content=\"1 minute\" \/>\n<script type=\"application\/ld+json\" class=\"yoast-schema-graph\">{\"@context\":\"https:\/\/schema.org\",\"@graph\":[{\"@type\":\"WebPage\",\"@id\":\"https:\/\/www.testingtime.com\/fr\/tester-des-jeux-videos\/\",\"url\":\"https:\/\/www.testingtime.com\/fr\/tester-des-jeux-videos\/\",\"name\":\"Tester des jeux vid\u00e9os et gagnez de l'argent en vous amusant\",\"isPartOf\":{\"@id\":\"https:\/\/www.testingtime.com\/fr\/#website\"},\"datePublished\":\"2019-03-04T17:24:32+00:00\",\"dateModified\":\"2025-02-20T10:50:31+00:00\",\"description\":\"Tester des jeux vid\u00e9os, donnez votre opinion et gagnez de l'argent. Nous offrons les plus hautes r\u00e9mun\u00e9rations du march\u00e9.\",\"breadcrumb\":{\"@id\":\"https:\/\/www.testingtime.com\/fr\/tester-des-jeux-videos\/#breadcrumb\"},\"inLanguage\":\"fr-FR\",\"potentialAction\":[{\"@type\":\"ReadAction\",\"target\":[\"https:\/\/www.testingtime.com\/fr\/tester-des-jeux-videos\/\"]}]},{\"@type\":\"BreadcrumbList\",\"@id\":\"https:\/\/www.testingtime.com\/fr\/tester-des-jeux-videos\/#breadcrumb\",\"itemListElement\":[{\"@type\":\"ListItem\",\"position\":1,\"name\":\"TestingTime\",\"item\":\"https:\/\/www.testingtime.com\/fr\/\"},{\"@type\":\"ListItem\",\"position\":2,\"name\":\"Tester des jeux vid\u00e9os\"}]},{\"@type\":\"WebSite\",\"@id\":\"https:\/\/www.testingtime.com\/fr\/#website\",\"url\":\"https:\/\/www.testingtime.com\/fr\/\",\"name\":\"TestingTime\",\"description\":\"Wir rekrutieren Testpersonen\",\"publisher\":{\"@id\":\"https:\/\/www.testingtime.com\/fr\/#organization\"},\"potentialAction\":[{\"@type\":\"SearchAction\",\"target\":{\"@type\":\"EntryPoint\",\"urlTemplate\":\"https:\/\/www.testingtime.com\/fr\/?s={search_term_string}\"},\"query-input\":\"required name=search_term_string\"}],\"inLanguage\":\"fr-FR\"},{\"@type\":\"Organization\",\"@id\":\"https:\/\/www.testingtime.com\/fr\/#organization\",\"name\":\"TestingTime\",\"url\":\"https:\/\/www.testingtime.com\/fr\/\",\"logo\":{\"@type\":\"ImageObject\",\"inLanguage\":\"fr-FR\",\"@id\":\"https:\/\/www.testingtime.com\/fr\/#\/schema\/logo\/image\/\",\"url\":\"https:\/\/www.testingtime.com\/app\/uploads\/2017\/04\/logo.svg\",\"contentUrl\":\"https:\/\/www.testingtime.com\/app\/uploads\/2017\/04\/logo.svg\",\"width\":1,\"height\":1,\"caption\":\"TestingTime\"},\"image\":{\"@id\":\"https:\/\/www.testingtime.com\/fr\/#\/schema\/logo\/image\/\"},\"sameAs\":[\"https:\/\/www.facebook.com\/testingtime\",\"https:\/\/twitter.com\/testingtime\",\"https:\/\/www.instagram.com\/testingtime\/\",\"https:\/\/www.linkedin.com\/company-beta\/9231506\/\",\"https:\/\/www.youtube.com\/channel\/UCpnMUgCz5FiiCUXU-U8ub1w\"]}]}<\/script>\n<!-- \/ Yoast SEO Premium plugin. -->","yoast_head_json":{"title":"Tester des jeux vid\u00e9os et gagnez de l'argent en vous amusant","description":"Tester des jeux vid\u00e9os, donnez votre opinion et gagnez de l'argent. Nous offrons les plus hautes r\u00e9mun\u00e9rations du march\u00e9.","robots":{"index":"index","follow":"nofollow","max-snippet":"max-snippet:-1","max-image-preview":"max-image-preview:large","max-video-preview":"max-video-preview:-1"},"canonical":"https:\/\/www.testingtime.com\/fr\/tester-des-jeux-videos\/","og_locale":"fr_FR","og_type":"article","og_title":"Tester des jeux vid\u00e9os","og_description":"Tester des jeux vid\u00e9os, donnez votre opinion et gagnez de l'argent. Nous offrons les plus hautes r\u00e9mun\u00e9rations du march\u00e9.","og_url":"https:\/\/www.testingtime.com\/fr\/tester-des-jeux-videos\/","og_site_name":"TestingTime","article_publisher":"https:\/\/www.facebook.com\/testingtime","article_modified_time":"2025-02-20T10:50:31+00:00","twitter_card":"summary_large_image","twitter_site":"@testingtime","twitter_misc":{"Est. reading time":"1 minute"},"schema":{"@context":"https:\/\/schema.org","@graph":[{"@type":"WebPage","@id":"https:\/\/www.testingtime.com\/fr\/tester-des-jeux-videos\/","url":"https:\/\/www.testingtime.com\/fr\/tester-des-jeux-videos\/","name":"Tester des jeux vid\u00e9os et gagnez de l'argent en vous amusant","isPartOf":{"@id":"https:\/\/www.testingtime.com\/fr\/#website"},"datePublished":"2019-03-04T17:24:32+00:00","dateModified":"2025-02-20T10:50:31+00:00","description":"Tester des jeux vid\u00e9os, donnez votre opinion et gagnez de l'argent. Nous offrons les plus hautes r\u00e9mun\u00e9rations du march\u00e9.","breadcrumb":{"@id":"https:\/\/www.testingtime.com\/fr\/tester-des-jeux-videos\/#breadcrumb"},"inLanguage":"fr-FR","potentialAction":[{"@type":"ReadAction","target":["https:\/\/www.testingtime.com\/fr\/tester-des-jeux-videos\/"]}]},{"@type":"BreadcrumbList","@id":"https:\/\/www.testingtime.com\/fr\/tester-des-jeux-videos\/#breadcrumb","itemListElement":[{"@type":"ListItem","position":1,"name":"TestingTime","item":"https:\/\/www.testingtime.com\/fr\/"},{"@type":"ListItem","position":2,"name":"Tester des jeux vid\u00e9os"}]},{"@type":"WebSite","@id":"https:\/\/www.testingtime.com\/fr\/#website","url":"https:\/\/www.testingtime.com\/fr\/","name":"TestingTime","description":"Wir rekrutieren Testpersonen","publisher":{"@id":"https:\/\/www.testingtime.com\/fr\/#organization"},"potentialAction":[{"@type":"SearchAction","target":{"@type":"EntryPoint","urlTemplate":"https:\/\/www.testingtime.com\/fr\/?s={search_term_string}"},"query-input":"required name=search_term_string"}],"inLanguage":"fr-FR"},{"@type":"Organization","@id":"https:\/\/www.testingtime.com\/fr\/#organization","name":"TestingTime","url":"https:\/\/www.testingtime.com\/fr\/","logo":{"@type":"ImageObject","inLanguage":"fr-FR","@id":"https:\/\/www.testingtime.com\/fr\/#\/schema\/logo\/image\/","url":"https:\/\/www.testingtime.com\/app\/uploads\/2017\/04\/logo.svg","contentUrl":"https:\/\/www.testingtime.com\/app\/uploads\/2017\/04\/logo.svg","width":1,"height":1,"caption":"TestingTime"},"image":{"@id":"https:\/\/www.testingtime.com\/fr\/#\/schema\/logo\/image\/"},"sameAs":["https:\/\/www.facebook.com\/testingtime","https:\/\/twitter.com\/testingtime","https:\/\/www.instagram.com\/testingtime\/","https:\/\/www.linkedin.com\/company-beta\/9231506\/","https:\/\/www.youtube.com\/channel\/UCpnMUgCz5FiiCUXU-U8ub1w"]}]}},"_links":{"self":[{"href":"https:\/\/www.testingtime.com\/fr\/wp-json\/wp\/v2\/pages\/9773","targetHints":{"allow":["GET"]}}],"collection":[{"href":"https:\/\/www.testingtime.com\/fr\/wp-json\/wp\/v2\/pages"}],"about":[{"href":"https:\/\/www.testingtime.com\/fr\/wp-json\/wp\/v2\/types\/page"}],"author":[{"embeddable":true,"href":"https:\/\/www.testingtime.com\/fr\/wp-json\/wp\/v2\/users\/22"}],"replies":[{"embeddable":true,"href":"https:\/\/www.testingtime.com\/fr\/wp-json\/wp\/v2\/comments?post=9773"}],"version-history":[{"count":14,"href":"https:\/\/www.testingtime.com\/fr\/wp-json\/wp\/v2\/pages\/9773\/revisions"}],"predecessor-version":[{"id":50070,"href":"https:\/\/www.testingtime.com\/fr\/wp-json\/wp\/v2\/pages\/9773\/revisions\/50070"}],"wp:attachment":[{"href":"https:\/\/www.testingtime.com\/fr\/wp-json\/wp\/v2\/media?parent=9773"}],"curies":[{"name":"wp","href":"https:\/\/api.w.org\/{rel}","templated":true}]}}