{"id":41960,"date":"2023-01-12T15:20:25","date_gmt":"2023-01-12T13:20:25","guid":{"rendered":"https:\/\/www.testingtime.com\/?page_id=41960"},"modified":"2025-06-19T11:34:09","modified_gmt":"2025-06-19T09:34:09","slug":"bli-en-betald-testanvandare","status":"publish","type":"page","link":"https:\/\/www.testingtime.com\/sv\/bli-en-betald-testanvandare\/","title":{"rendered":"Bli en betald testanv\u00e4ndare"},"content":{"rendered":"","protected":false},"excerpt":{"rendered":"","protected":false},"author":58,"featured_media":42227,"parent":0,"menu_order":0,"comment_status":"closed","ping_status":"closed","template":"","meta":{"_acf_changed":false,"om_disable_all_campaigns":false,"footnotes":""},"class_list":["post-41960","page","type-page","status-publish","has-post-thumbnail","hentry"],"acf":[],"yoast_head":"<!-- This site is optimized with the Yoast SEO Premium plugin v20.5 (Yoast SEO v20.5) - https:\/\/yoast.com\/wordpress\/plugins\/seo\/ -->\n<title>Bli en betald testanv\u00e4ndare och tj\u00e4na pengar p\u00e5 att testa de nyaste produkterna.<\/title>\n<meta name=\"description\" content=\"Bli en betald testanv\u00e4ndare: Hj\u00e4lp dina favoritf\u00f6retag att g\u00f6ra produkter och tj\u00e4nster mer anv\u00e4ndarv\u00e4nliga. Ge feedback, upplev nya saker och tj\u00e4na pengar.\" \/>\n<meta name=\"robots\" content=\"index, follow, max-snippet:-1, max-image-preview:large, max-video-preview:-1\" \/>\n<link rel=\"canonical\" href=\"https:\/\/www.testingtime.com\/sv\/bli-en-betald-testanvandare\/\" \/>\n<meta property=\"og:locale\" content=\"sv_SE\" \/>\n<meta property=\"og:type\" content=\"article\" \/>\n<meta property=\"og:title\" content=\"Bli en betald testanv\u00e4ndare\" \/>\n<meta property=\"og:description\" content=\"Bli en betald testanv\u00e4ndare: Hj\u00e4lp dina favoritf\u00f6retag att g\u00f6ra produkter och tj\u00e4nster mer anv\u00e4ndarv\u00e4nliga. Ge feedback, upplev nya saker och tj\u00e4na pengar.\" \/>\n<meta property=\"og:url\" content=\"https:\/\/www.testingtime.com\/sv\/bli-en-betald-testanvandare\/\" \/>\n<meta property=\"og:site_name\" content=\"TestingTime\" \/>\n<meta property=\"article:publisher\" content=\"https:\/\/www.facebook.com\/testingtime\" \/>\n<meta property=\"article:modified_time\" content=\"2025-06-19T09:34:09+00:00\" \/>\n<meta property=\"og:image\" content=\"https:\/\/www.testingtime.com\/app\/uploads\/2023\/01\/Screenshot-2023-01-17-at-15.26.36.png\" \/>\n\t<meta property=\"og:image:width\" content=\"1916\" \/>\n\t<meta property=\"og:image:height\" content=\"964\" \/>\n\t<meta property=\"og:image:type\" content=\"image\/png\" \/>\n<meta name=\"twitter:card\" content=\"summary_large_image\" \/>\n<meta name=\"twitter:site\" content=\"@testingtime\" \/>\n<script type=\"application\/ld+json\" class=\"yoast-schema-graph\">{\"@context\":\"https:\/\/schema.org\",\"@graph\":[{\"@type\":\"WebPage\",\"@id\":\"https:\/\/www.testingtime.com\/sv\/bli-en-betald-testanvandare\/\",\"url\":\"https:\/\/www.testingtime.com\/sv\/bli-en-betald-testanvandare\/\",\"name\":\"Bli en betald testanv\u00e4ndare och tj\u00e4na pengar p\u00e5 att testa de nyaste produkterna.\",\"isPartOf\":{\"@id\":\"https:\/\/www.testingtime.com\/sv\/#website\"},\"datePublished\":\"2023-01-12T13:20:25+00:00\",\"dateModified\":\"2025-06-19T09:34:09+00:00\",\"description\":\"Bli en betald testanv\u00e4ndare: Hj\u00e4lp dina favoritf\u00f6retag att g\u00f6ra produkter och tj\u00e4nster mer anv\u00e4ndarv\u00e4nliga. Ge feedback, upplev nya saker och tj\u00e4na pengar.\",\"breadcrumb\":{\"@id\":\"https:\/\/www.testingtime.com\/sv\/bli-en-betald-testanvandare\/#breadcrumb\"},\"inLanguage\":\"sv-SE\",\"potentialAction\":[{\"@type\":\"ReadAction\",\"target\":[\"https:\/\/www.testingtime.com\/sv\/bli-en-betald-testanvandare\/\"]}]},{\"@type\":\"BreadcrumbList\",\"@id\":\"https:\/\/www.testingtime.com\/sv\/bli-en-betald-testanvandare\/#breadcrumb\",\"itemListElement\":[{\"@type\":\"ListItem\",\"position\":1,\"name\":\"TestingTime\",\"item\":\"https:\/\/www.testingtime.com\/sv\/\"},{\"@type\":\"ListItem\",\"position\":2,\"name\":\"Bli en betald testanv\u00e4ndare\"}]},{\"@type\":\"WebSite\",\"@id\":\"https:\/\/www.testingtime.com\/sv\/#website\",\"url\":\"https:\/\/www.testingtime.com\/sv\/\",\"name\":\"TestingTime\",\"description\":\"Wir rekrutieren Testpersonen\",\"publisher\":{\"@id\":\"https:\/\/www.testingtime.com\/sv\/#organization\"},\"potentialAction\":[{\"@type\":\"SearchAction\",\"target\":{\"@type\":\"EntryPoint\",\"urlTemplate\":\"https:\/\/www.testingtime.com\/sv\/?s={search_term_string}\"},\"query-input\":\"required name=search_term_string\"}],\"inLanguage\":\"sv-SE\"},{\"@type\":\"Organization\",\"@id\":\"https:\/\/www.testingtime.com\/sv\/#organization\",\"name\":\"TestingTime\",\"url\":\"https:\/\/www.testingtime.com\/sv\/\",\"logo\":{\"@type\":\"ImageObject\",\"inLanguage\":\"sv-SE\",\"@id\":\"https:\/\/www.testingtime.com\/sv\/#\/schema\/logo\/image\/\",\"url\":\"https:\/\/www.testingtime.com\/app\/uploads\/2017\/04\/logo.svg\",\"contentUrl\":\"https:\/\/www.testingtime.com\/app\/uploads\/2017\/04\/logo.svg\",\"width\":1,\"height\":1,\"caption\":\"TestingTime\"},\"image\":{\"@id\":\"https:\/\/www.testingtime.com\/sv\/#\/schema\/logo\/image\/\"},\"sameAs\":[\"https:\/\/www.facebook.com\/testingtime\",\"https:\/\/twitter.com\/testingtime\",\"https:\/\/www.instagram.com\/testingtime\/\",\"https:\/\/www.linkedin.com\/company-beta\/9231506\/\",\"https:\/\/www.youtube.com\/channel\/UCpnMUgCz5FiiCUXU-U8ub1w\"]}]}<\/script>\n<!-- \/ Yoast SEO Premium plugin. -->","yoast_head_json":{"title":"Bli en betald testanv\u00e4ndare och tj\u00e4na pengar p\u00e5 att testa de nyaste produkterna.","description":"Bli en betald testanv\u00e4ndare: Hj\u00e4lp dina favoritf\u00f6retag att g\u00f6ra produkter och tj\u00e4nster mer anv\u00e4ndarv\u00e4nliga. Ge feedback, upplev nya saker och tj\u00e4na pengar.","robots":{"index":"index","follow":"follow","max-snippet":"max-snippet:-1","max-image-preview":"max-image-preview:large","max-video-preview":"max-video-preview:-1"},"canonical":"https:\/\/www.testingtime.com\/sv\/bli-en-betald-testanvandare\/","og_locale":"sv_SE","og_type":"article","og_title":"Bli en betald testanv\u00e4ndare","og_description":"Bli en betald testanv\u00e4ndare: Hj\u00e4lp dina favoritf\u00f6retag att g\u00f6ra produkter och tj\u00e4nster mer anv\u00e4ndarv\u00e4nliga. Ge feedback, upplev nya saker och tj\u00e4na pengar.","og_url":"https:\/\/www.testingtime.com\/sv\/bli-en-betald-testanvandare\/","og_site_name":"TestingTime","article_publisher":"https:\/\/www.facebook.com\/testingtime","article_modified_time":"2025-06-19T09:34:09+00:00","og_image":[{"width":1916,"height":964,"url":"https:\/\/www.testingtime.com\/app\/uploads\/2023\/01\/Screenshot-2023-01-17-at-15.26.36.png","type":"image\/png"}],"twitter_card":"summary_large_image","twitter_site":"@testingtime","schema":{"@context":"https:\/\/schema.org","@graph":[{"@type":"WebPage","@id":"https:\/\/www.testingtime.com\/sv\/bli-en-betald-testanvandare\/","url":"https:\/\/www.testingtime.com\/sv\/bli-en-betald-testanvandare\/","name":"Bli en betald testanv\u00e4ndare och tj\u00e4na pengar p\u00e5 att testa de nyaste produkterna.","isPartOf":{"@id":"https:\/\/www.testingtime.com\/sv\/#website"},"datePublished":"2023-01-12T13:20:25+00:00","dateModified":"2025-06-19T09:34:09+00:00","description":"Bli en betald testanv\u00e4ndare: Hj\u00e4lp dina favoritf\u00f6retag att g\u00f6ra produkter och tj\u00e4nster mer anv\u00e4ndarv\u00e4nliga. Ge feedback, upplev nya saker och tj\u00e4na pengar.","breadcrumb":{"@id":"https:\/\/www.testingtime.com\/sv\/bli-en-betald-testanvandare\/#breadcrumb"},"inLanguage":"sv-SE","potentialAction":[{"@type":"ReadAction","target":["https:\/\/www.testingtime.com\/sv\/bli-en-betald-testanvandare\/"]}]},{"@type":"BreadcrumbList","@id":"https:\/\/www.testingtime.com\/sv\/bli-en-betald-testanvandare\/#breadcrumb","itemListElement":[{"@type":"ListItem","position":1,"name":"TestingTime","item":"https:\/\/www.testingtime.com\/sv\/"},{"@type":"ListItem","position":2,"name":"Bli en betald testanv\u00e4ndare"}]},{"@type":"WebSite","@id":"https:\/\/www.testingtime.com\/sv\/#website","url":"https:\/\/www.testingtime.com\/sv\/","name":"TestingTime","description":"Wir rekrutieren Testpersonen","publisher":{"@id":"https:\/\/www.testingtime.com\/sv\/#organization"},"potentialAction":[{"@type":"SearchAction","target":{"@type":"EntryPoint","urlTemplate":"https:\/\/www.testingtime.com\/sv\/?s={search_term_string}"},"query-input":"required name=search_term_string"}],"inLanguage":"sv-SE"},{"@type":"Organization","@id":"https:\/\/www.testingtime.com\/sv\/#organization","name":"TestingTime","url":"https:\/\/www.testingtime.com\/sv\/","logo":{"@type":"ImageObject","inLanguage":"sv-SE","@id":"https:\/\/www.testingtime.com\/sv\/#\/schema\/logo\/image\/","url":"https:\/\/www.testingtime.com\/app\/uploads\/2017\/04\/logo.svg","contentUrl":"https:\/\/www.testingtime.com\/app\/uploads\/2017\/04\/logo.svg","width":1,"height":1,"caption":"TestingTime"},"image":{"@id":"https:\/\/www.testingtime.com\/sv\/#\/schema\/logo\/image\/"},"sameAs":["https:\/\/www.facebook.com\/testingtime","https:\/\/twitter.com\/testingtime","https:\/\/www.instagram.com\/testingtime\/","https:\/\/www.linkedin.com\/company-beta\/9231506\/","https:\/\/www.youtube.com\/channel\/UCpnMUgCz5FiiCUXU-U8ub1w"]}]}},"_links":{"self":[{"href":"https:\/\/www.testingtime.com\/sv\/wp-json\/wp\/v2\/pages\/41960","targetHints":{"allow":["GET"]}}],"collection":[{"href":"https:\/\/www.testingtime.com\/sv\/wp-json\/wp\/v2\/pages"}],"about":[{"href":"https:\/\/www.testingtime.com\/sv\/wp-json\/wp\/v2\/types\/page"}],"author":[{"embeddable":true,"href":"https:\/\/www.testingtime.com\/sv\/wp-json\/wp\/v2\/users\/58"}],"replies":[{"embeddable":true,"href":"https:\/\/www.testingtime.com\/sv\/wp-json\/wp\/v2\/comments?post=41960"}],"version-history":[{"count":21,"href":"https:\/\/www.testingtime.com\/sv\/wp-json\/wp\/v2\/pages\/41960\/revisions"}],"predecessor-version":[{"id":51169,"href":"https:\/\/www.testingtime.com\/sv\/wp-json\/wp\/v2\/pages\/41960\/revisions\/51169"}],"wp:featuredmedia":[{"embeddable":true,"href":"https:\/\/www.testingtime.com\/sv\/wp-json\/wp\/v2\/media\/42227"}],"wp:attachment":[{"href":"https:\/\/www.testingtime.com\/sv\/wp-json\/wp\/v2\/media?parent=41960"}],"curies":[{"name":"wp","href":"https:\/\/api.w.org\/{rel}","templated":true}]}}