{"id":41968,"date":"2023-01-12T17:03:40","date_gmt":"2023-01-12T15:03:40","guid":{"rendered":"https:\/\/www.testingtime.com\/?page_id=41968"},"modified":"2024-03-13T18:32:30","modified_gmt":"2024-03-13T16:32:30","slug":"var-service","status":"publish","type":"page","link":"https:\/\/www.testingtime.com\/sv\/var-service\/","title":{"rendered":"V\u00e5r service"},"content":{"rendered":"<p>Anv\u00e4nd v\u00e5rt best\u00e4llningsverktyg online f\u00f6r att ange testanv\u00e4ndarprofilen och typen av unders\u00f6kning. Ut\u00f6ver standardkriterierna (\u00e5lder, k\u00f6n, spr\u00e5k, bostadsort, f\u00e4rdigheter i apparater osv.) kan vi rekrytera testanv\u00e4ndare med s\u00e5 m\u00e5nga s\u00e4rskilda kriterier som du vill, t.ex. &#8220;m\u00e5ste \u00e4ga en bil&#8221;. Best\u00e4llningen tar mindre \u00e4n 5 minuter. Vi skapar och skickar ut ett fr\u00e5geformul\u00e4r f\u00f6r att hitta testanv\u00e4ndare som uppfyller dina kriterier. Om du f\u00f6redrar det kan du ocks\u00e5 skapa ett eget fr\u00e5geformul\u00e4r f\u00f6r urvalet.\u00a0Vi samordnar alla era m\u00f6ten med deltagarna och ser till att alla kommer vid r\u00e4tt tidpunkt och p\u00e5 r\u00e4tt plats (p\u00e5 distans, hos er eller i testanv\u00e4ndarens hem). Dessutom kan du kontrollera rekryteringsprocessen i realtid n\u00e4r du vill.<\/p>\n<p>Om du har n\u00e5gra fr\u00e5gor eller funderingar under din studie kan du kontakta v\u00e5rt v\u00e4nliga supportteam. Vi hanterar alla incitament. Det finns inga extra kostnader f\u00f6r ditt f\u00f6retag. Pengarna \u00f6verf\u00f6rs till testanv\u00e4ndarnas bank- eller PayPal-konton inom 5-10 dagar. Efter att ha genomf\u00f6rt en studie med framg\u00e5ng f\u00e5r deltagarna betalt automatiskt inom 5-10 dagar.\u00a0Vi vill f\u00f6rb\u00e4ttra din upplevelse med varje best\u00e4llning. L\u00e4mna d\u00e4rf\u00f6r ett stj\u00e4rnbetyg och en valfri feedback om varje testanv\u00e4ndare till oss.<\/p>\n","protected":false},"excerpt":{"rendered":"<p>Anv\u00e4nd v\u00e5rt best\u00e4llningsverktyg online f\u00f6r att ange testanv\u00e4ndarprofilen och typen av unders\u00f6kning. Ut\u00f6ver standardkriterierna (\u00e5lder, k\u00f6n, spr\u00e5k, bostadsort, f\u00e4rdigheter i apparater osv.) kan vi rekrytera testanv\u00e4ndare med s\u00e5 m\u00e5nga s\u00e4rskilda kriterier som du vill, t.ex. &#8220;m\u00e5ste \u00e4ga en bil&#8221;. Best\u00e4llningen tar mindre \u00e4n 5 minuter. Vi skapar och skickar ut ett fr\u00e5geformul\u00e4r f\u00f6r att hitta [&hellip;]<\/p>\n","protected":false},"author":58,"featured_media":0,"parent":0,"menu_order":0,"comment_status":"closed","ping_status":"closed","template":"","meta":{"_acf_changed":false,"om_disable_all_campaigns":false,"footnotes":""},"class_list":["post-41968","page","type-page","status-publish","hentry"],"acf":[],"yoast_head":"<!-- This site is optimized with the Yoast SEO Premium plugin v20.5 (Yoast SEO v20.5) - https:\/\/yoast.com\/wordpress\/plugins\/seo\/ -->\n<title>Carefree testanv\u00e4ndare och studiedeltagare rekryterar | TestingTime<\/title>\n<meta name=\"description\" content=\"Du definierar din m\u00e5lgrupp med hj\u00e4lp av v\u00e5rt best\u00e4llningsverktyg online. Vi organiserar, schemal\u00e4gger och betalar dina studiedeltagare.\" \/>\n<meta name=\"robots\" content=\"index, follow, max-snippet:-1, max-image-preview:large, max-video-preview:-1\" \/>\n<link rel=\"canonical\" href=\"https:\/\/www.testingtime.com\/sv\/var-service\/\" \/>\n<meta property=\"og:locale\" content=\"sv_SE\" \/>\n<meta property=\"og:type\" content=\"article\" \/>\n<meta property=\"og:title\" content=\"V\u00e5r service\" \/>\n<meta property=\"og:description\" content=\"Du definierar din m\u00e5lgrupp med hj\u00e4lp av v\u00e5rt best\u00e4llningsverktyg online. Vi organiserar, schemal\u00e4gger och betalar dina studiedeltagare.\" \/>\n<meta property=\"og:url\" content=\"https:\/\/www.testingtime.com\/sv\/var-service\/\" \/>\n<meta property=\"og:site_name\" content=\"TestingTime\" \/>\n<meta property=\"article:publisher\" content=\"https:\/\/www.facebook.com\/testingtime\" \/>\n<meta property=\"article:modified_time\" content=\"2024-03-13T16:32:30+00:00\" \/>\n<meta name=\"twitter:card\" content=\"summary_large_image\" \/>\n<meta name=\"twitter:site\" content=\"@testingtime\" \/>\n<meta name=\"twitter:label1\" content=\"Est. reading time\" \/>\n\t<meta name=\"twitter:data1\" content=\"2 minutes\" \/>\n<script type=\"application\/ld+json\" class=\"yoast-schema-graph\">{\"@context\":\"https:\/\/schema.org\",\"@graph\":[{\"@type\":\"WebPage\",\"@id\":\"https:\/\/www.testingtime.com\/sv\/var-service\/\",\"url\":\"https:\/\/www.testingtime.com\/sv\/var-service\/\",\"name\":\"Carefree testanv\u00e4ndare och studiedeltagare rekryterar | TestingTime\",\"isPartOf\":{\"@id\":\"https:\/\/www.testingtime.com\/sv\/#website\"},\"datePublished\":\"2023-01-12T15:03:40+00:00\",\"dateModified\":\"2024-03-13T16:32:30+00:00\",\"description\":\"Du definierar din m\u00e5lgrupp med hj\u00e4lp av v\u00e5rt best\u00e4llningsverktyg online. Vi organiserar, schemal\u00e4gger och betalar dina studiedeltagare.\",\"breadcrumb\":{\"@id\":\"https:\/\/www.testingtime.com\/sv\/var-service\/#breadcrumb\"},\"inLanguage\":\"sv-SE\",\"potentialAction\":[{\"@type\":\"ReadAction\",\"target\":[\"https:\/\/www.testingtime.com\/sv\/var-service\/\"]}]},{\"@type\":\"BreadcrumbList\",\"@id\":\"https:\/\/www.testingtime.com\/sv\/var-service\/#breadcrumb\",\"itemListElement\":[{\"@type\":\"ListItem\",\"position\":1,\"name\":\"TestingTime\",\"item\":\"https:\/\/www.testingtime.com\/sv\/\"},{\"@type\":\"ListItem\",\"position\":2,\"name\":\"V\u00e5r service\"}]},{\"@type\":\"WebSite\",\"@id\":\"https:\/\/www.testingtime.com\/sv\/#website\",\"url\":\"https:\/\/www.testingtime.com\/sv\/\",\"name\":\"TestingTime\",\"description\":\"Wir rekrutieren Testpersonen\",\"publisher\":{\"@id\":\"https:\/\/www.testingtime.com\/sv\/#organization\"},\"potentialAction\":[{\"@type\":\"SearchAction\",\"target\":{\"@type\":\"EntryPoint\",\"urlTemplate\":\"https:\/\/www.testingtime.com\/sv\/?s={search_term_string}\"},\"query-input\":\"required name=search_term_string\"}],\"inLanguage\":\"sv-SE\"},{\"@type\":\"Organization\",\"@id\":\"https:\/\/www.testingtime.com\/sv\/#organization\",\"name\":\"TestingTime\",\"url\":\"https:\/\/www.testingtime.com\/sv\/\",\"logo\":{\"@type\":\"ImageObject\",\"inLanguage\":\"sv-SE\",\"@id\":\"https:\/\/www.testingtime.com\/sv\/#\/schema\/logo\/image\/\",\"url\":\"https:\/\/www.testingtime.com\/app\/uploads\/2017\/04\/logo.svg\",\"contentUrl\":\"https:\/\/www.testingtime.com\/app\/uploads\/2017\/04\/logo.svg\",\"width\":1,\"height\":1,\"caption\":\"TestingTime\"},\"image\":{\"@id\":\"https:\/\/www.testingtime.com\/sv\/#\/schema\/logo\/image\/\"},\"sameAs\":[\"https:\/\/www.facebook.com\/testingtime\",\"https:\/\/twitter.com\/testingtime\",\"https:\/\/www.instagram.com\/testingtime\/\",\"https:\/\/www.linkedin.com\/company-beta\/9231506\/\",\"https:\/\/www.youtube.com\/channel\/UCpnMUgCz5FiiCUXU-U8ub1w\"]}]}<\/script>\n<!-- \/ Yoast SEO Premium plugin. -->","yoast_head_json":{"title":"Carefree testanv\u00e4ndare och studiedeltagare rekryterar | TestingTime","description":"Du definierar din m\u00e5lgrupp med hj\u00e4lp av v\u00e5rt best\u00e4llningsverktyg online. Vi organiserar, schemal\u00e4gger och betalar dina studiedeltagare.","robots":{"index":"index","follow":"follow","max-snippet":"max-snippet:-1","max-image-preview":"max-image-preview:large","max-video-preview":"max-video-preview:-1"},"canonical":"https:\/\/www.testingtime.com\/sv\/var-service\/","og_locale":"sv_SE","og_type":"article","og_title":"V\u00e5r service","og_description":"Du definierar din m\u00e5lgrupp med hj\u00e4lp av v\u00e5rt best\u00e4llningsverktyg online. Vi organiserar, schemal\u00e4gger och betalar dina studiedeltagare.","og_url":"https:\/\/www.testingtime.com\/sv\/var-service\/","og_site_name":"TestingTime","article_publisher":"https:\/\/www.facebook.com\/testingtime","article_modified_time":"2024-03-13T16:32:30+00:00","twitter_card":"summary_large_image","twitter_site":"@testingtime","twitter_misc":{"Est. reading time":"2 minutes"},"schema":{"@context":"https:\/\/schema.org","@graph":[{"@type":"WebPage","@id":"https:\/\/www.testingtime.com\/sv\/var-service\/","url":"https:\/\/www.testingtime.com\/sv\/var-service\/","name":"Carefree testanv\u00e4ndare och studiedeltagare rekryterar | TestingTime","isPartOf":{"@id":"https:\/\/www.testingtime.com\/sv\/#website"},"datePublished":"2023-01-12T15:03:40+00:00","dateModified":"2024-03-13T16:32:30+00:00","description":"Du definierar din m\u00e5lgrupp med hj\u00e4lp av v\u00e5rt best\u00e4llningsverktyg online. Vi organiserar, schemal\u00e4gger och betalar dina studiedeltagare.","breadcrumb":{"@id":"https:\/\/www.testingtime.com\/sv\/var-service\/#breadcrumb"},"inLanguage":"sv-SE","potentialAction":[{"@type":"ReadAction","target":["https:\/\/www.testingtime.com\/sv\/var-service\/"]}]},{"@type":"BreadcrumbList","@id":"https:\/\/www.testingtime.com\/sv\/var-service\/#breadcrumb","itemListElement":[{"@type":"ListItem","position":1,"name":"TestingTime","item":"https:\/\/www.testingtime.com\/sv\/"},{"@type":"ListItem","position":2,"name":"V\u00e5r service"}]},{"@type":"WebSite","@id":"https:\/\/www.testingtime.com\/sv\/#website","url":"https:\/\/www.testingtime.com\/sv\/","name":"TestingTime","description":"Wir rekrutieren Testpersonen","publisher":{"@id":"https:\/\/www.testingtime.com\/sv\/#organization"},"potentialAction":[{"@type":"SearchAction","target":{"@type":"EntryPoint","urlTemplate":"https:\/\/www.testingtime.com\/sv\/?s={search_term_string}"},"query-input":"required name=search_term_string"}],"inLanguage":"sv-SE"},{"@type":"Organization","@id":"https:\/\/www.testingtime.com\/sv\/#organization","name":"TestingTime","url":"https:\/\/www.testingtime.com\/sv\/","logo":{"@type":"ImageObject","inLanguage":"sv-SE","@id":"https:\/\/www.testingtime.com\/sv\/#\/schema\/logo\/image\/","url":"https:\/\/www.testingtime.com\/app\/uploads\/2017\/04\/logo.svg","contentUrl":"https:\/\/www.testingtime.com\/app\/uploads\/2017\/04\/logo.svg","width":1,"height":1,"caption":"TestingTime"},"image":{"@id":"https:\/\/www.testingtime.com\/sv\/#\/schema\/logo\/image\/"},"sameAs":["https:\/\/www.facebook.com\/testingtime","https:\/\/twitter.com\/testingtime","https:\/\/www.instagram.com\/testingtime\/","https:\/\/www.linkedin.com\/company-beta\/9231506\/","https:\/\/www.youtube.com\/channel\/UCpnMUgCz5FiiCUXU-U8ub1w"]}]}},"_links":{"self":[{"href":"https:\/\/www.testingtime.com\/sv\/wp-json\/wp\/v2\/pages\/41968","targetHints":{"allow":["GET"]}}],"collection":[{"href":"https:\/\/www.testingtime.com\/sv\/wp-json\/wp\/v2\/pages"}],"about":[{"href":"https:\/\/www.testingtime.com\/sv\/wp-json\/wp\/v2\/types\/page"}],"author":[{"embeddable":true,"href":"https:\/\/www.testingtime.com\/sv\/wp-json\/wp\/v2\/users\/58"}],"replies":[{"embeddable":true,"href":"https:\/\/www.testingtime.com\/sv\/wp-json\/wp\/v2\/comments?post=41968"}],"version-history":[{"count":22,"href":"https:\/\/www.testingtime.com\/sv\/wp-json\/wp\/v2\/pages\/41968\/revisions"}],"predecessor-version":[{"id":47451,"href":"https:\/\/www.testingtime.com\/sv\/wp-json\/wp\/v2\/pages\/41968\/revisions\/47451"}],"wp:attachment":[{"href":"https:\/\/www.testingtime.com\/sv\/wp-json\/wp\/v2\/media?parent=41968"}],"curies":[{"name":"wp","href":"https:\/\/api.w.org\/{rel}","templated":true}]}}