{"id":42054,"date":"2023-01-16T18:57:38","date_gmt":"2023-01-16T16:57:38","guid":{"rendered":"https:\/\/www.testingtime.com\/?page_id=42054"},"modified":"2025-11-18T11:52:51","modified_gmt":"2025-11-18T09:52:51","slug":"foretagsinformation","status":"publish","type":"page","link":"https:\/\/www.testingtime.com\/sv\/foretagsinformation\/","title":{"rendered":"F\u00f6retagsinformation"},"content":{"rendered":"","protected":false},"excerpt":{"rendered":"","protected":false},"author":58,"featured_media":0,"parent":0,"menu_order":0,"comment_status":"closed","ping_status":"closed","template":"","meta":{"_acf_changed":false,"om_disable_all_campaigns":false,"footnotes":""},"class_list":["post-42054","page","type-page","status-publish","hentry"],"acf":[],"yoast_head":"<!-- This site is optimized with the Yoast SEO Premium plugin v20.5 (Yoast SEO v20.5) - https:\/\/yoast.com\/wordpress\/plugins\/seo\/ -->\n<title>F\u00f6retagsinformation f\u00f6r webbplatsen TestingTime.com | TestingTime<\/title>\n<meta name=\"description\" content=\"Denna webbplats drivs av: TestingTime AG, Rieterstrasse 6, CH-8002 Z\u00fcrich. Klicka h\u00e4r f\u00f6r att l\u00e4sa mer om TestingTime.\" \/>\n<meta name=\"robots\" content=\"index, follow, max-snippet:-1, max-image-preview:large, max-video-preview:-1\" \/>\n<link rel=\"canonical\" href=\"https:\/\/www.testingtime.com\/sv\/foretagsinformation\/\" \/>\n<meta property=\"og:locale\" content=\"sv_SE\" \/>\n<meta property=\"og:type\" content=\"article\" \/>\n<meta property=\"og:title\" content=\"F\u00f6retagsinformation\" \/>\n<meta property=\"og:description\" content=\"Denna webbplats drivs av: TestingTime AG, Rieterstrasse 6, CH-8002 Z\u00fcrich. Klicka h\u00e4r f\u00f6r att l\u00e4sa mer om TestingTime.\" \/>\n<meta property=\"og:url\" content=\"https:\/\/www.testingtime.com\/sv\/foretagsinformation\/\" \/>\n<meta property=\"og:site_name\" content=\"TestingTime\" \/>\n<meta property=\"article:publisher\" content=\"https:\/\/www.facebook.com\/testingtime\" \/>\n<meta property=\"article:modified_time\" content=\"2025-11-18T09:52:51+00:00\" \/>\n<meta name=\"twitter:card\" content=\"summary_large_image\" \/>\n<meta name=\"twitter:site\" content=\"@testingtime\" \/>\n<script type=\"application\/ld+json\" class=\"yoast-schema-graph\">{\"@context\":\"https:\/\/schema.org\",\"@graph\":[{\"@type\":\"WebPage\",\"@id\":\"https:\/\/www.testingtime.com\/sv\/foretagsinformation\/\",\"url\":\"https:\/\/www.testingtime.com\/sv\/foretagsinformation\/\",\"name\":\"F\u00f6retagsinformation f\u00f6r webbplatsen TestingTime.com | TestingTime\",\"isPartOf\":{\"@id\":\"https:\/\/www.testingtime.com\/sv\/#website\"},\"datePublished\":\"2023-01-16T16:57:38+00:00\",\"dateModified\":\"2025-11-18T09:52:51+00:00\",\"description\":\"Denna webbplats drivs av: TestingTime AG, Rieterstrasse 6, CH-8002 Z\u00fcrich. Klicka h\u00e4r f\u00f6r att l\u00e4sa mer om TestingTime.\",\"breadcrumb\":{\"@id\":\"https:\/\/www.testingtime.com\/sv\/foretagsinformation\/#breadcrumb\"},\"inLanguage\":\"sv-SE\",\"potentialAction\":[{\"@type\":\"ReadAction\",\"target\":[\"https:\/\/www.testingtime.com\/sv\/foretagsinformation\/\"]}]},{\"@type\":\"BreadcrumbList\",\"@id\":\"https:\/\/www.testingtime.com\/sv\/foretagsinformation\/#breadcrumb\",\"itemListElement\":[{\"@type\":\"ListItem\",\"position\":1,\"name\":\"TestingTime\",\"item\":\"https:\/\/www.testingtime.com\/sv\/\"},{\"@type\":\"ListItem\",\"position\":2,\"name\":\"F\u00f6retagsinformation\"}]},{\"@type\":\"WebSite\",\"@id\":\"https:\/\/www.testingtime.com\/sv\/#website\",\"url\":\"https:\/\/www.testingtime.com\/sv\/\",\"name\":\"TestingTime\",\"description\":\"Wir rekrutieren Testpersonen\",\"publisher\":{\"@id\":\"https:\/\/www.testingtime.com\/sv\/#organization\"},\"potentialAction\":[{\"@type\":\"SearchAction\",\"target\":{\"@type\":\"EntryPoint\",\"urlTemplate\":\"https:\/\/www.testingtime.com\/sv\/?s={search_term_string}\"},\"query-input\":\"required name=search_term_string\"}],\"inLanguage\":\"sv-SE\"},{\"@type\":\"Organization\",\"@id\":\"https:\/\/www.testingtime.com\/sv\/#organization\",\"name\":\"TestingTime\",\"url\":\"https:\/\/www.testingtime.com\/sv\/\",\"logo\":{\"@type\":\"ImageObject\",\"inLanguage\":\"sv-SE\",\"@id\":\"https:\/\/www.testingtime.com\/sv\/#\/schema\/logo\/image\/\",\"url\":\"https:\/\/www.testingtime.com\/app\/uploads\/2017\/04\/logo.svg\",\"contentUrl\":\"https:\/\/www.testingtime.com\/app\/uploads\/2017\/04\/logo.svg\",\"width\":1,\"height\":1,\"caption\":\"TestingTime\"},\"image\":{\"@id\":\"https:\/\/www.testingtime.com\/sv\/#\/schema\/logo\/image\/\"},\"sameAs\":[\"https:\/\/www.facebook.com\/testingtime\",\"https:\/\/twitter.com\/testingtime\",\"https:\/\/www.instagram.com\/testingtime\/\",\"https:\/\/www.linkedin.com\/company-beta\/9231506\/\",\"https:\/\/www.youtube.com\/channel\/UCpnMUgCz5FiiCUXU-U8ub1w\"]}]}<\/script>\n<!-- \/ Yoast SEO Premium plugin. -->","yoast_head_json":{"title":"F\u00f6retagsinformation f\u00f6r webbplatsen TestingTime.com | TestingTime","description":"Denna webbplats drivs av: TestingTime AG, Rieterstrasse 6, CH-8002 Z\u00fcrich. Klicka h\u00e4r f\u00f6r att l\u00e4sa mer om TestingTime.","robots":{"index":"index","follow":"follow","max-snippet":"max-snippet:-1","max-image-preview":"max-image-preview:large","max-video-preview":"max-video-preview:-1"},"canonical":"https:\/\/www.testingtime.com\/sv\/foretagsinformation\/","og_locale":"sv_SE","og_type":"article","og_title":"F\u00f6retagsinformation","og_description":"Denna webbplats drivs av: TestingTime AG, Rieterstrasse 6, CH-8002 Z\u00fcrich. Klicka h\u00e4r f\u00f6r att l\u00e4sa mer om TestingTime.","og_url":"https:\/\/www.testingtime.com\/sv\/foretagsinformation\/","og_site_name":"TestingTime","article_publisher":"https:\/\/www.facebook.com\/testingtime","article_modified_time":"2025-11-18T09:52:51+00:00","twitter_card":"summary_large_image","twitter_site":"@testingtime","schema":{"@context":"https:\/\/schema.org","@graph":[{"@type":"WebPage","@id":"https:\/\/www.testingtime.com\/sv\/foretagsinformation\/","url":"https:\/\/www.testingtime.com\/sv\/foretagsinformation\/","name":"F\u00f6retagsinformation f\u00f6r webbplatsen TestingTime.com | TestingTime","isPartOf":{"@id":"https:\/\/www.testingtime.com\/sv\/#website"},"datePublished":"2023-01-16T16:57:38+00:00","dateModified":"2025-11-18T09:52:51+00:00","description":"Denna webbplats drivs av: TestingTime AG, Rieterstrasse 6, CH-8002 Z\u00fcrich. Klicka h\u00e4r f\u00f6r att l\u00e4sa mer om TestingTime.","breadcrumb":{"@id":"https:\/\/www.testingtime.com\/sv\/foretagsinformation\/#breadcrumb"},"inLanguage":"sv-SE","potentialAction":[{"@type":"ReadAction","target":["https:\/\/www.testingtime.com\/sv\/foretagsinformation\/"]}]},{"@type":"BreadcrumbList","@id":"https:\/\/www.testingtime.com\/sv\/foretagsinformation\/#breadcrumb","itemListElement":[{"@type":"ListItem","position":1,"name":"TestingTime","item":"https:\/\/www.testingtime.com\/sv\/"},{"@type":"ListItem","position":2,"name":"F\u00f6retagsinformation"}]},{"@type":"WebSite","@id":"https:\/\/www.testingtime.com\/sv\/#website","url":"https:\/\/www.testingtime.com\/sv\/","name":"TestingTime","description":"Wir rekrutieren Testpersonen","publisher":{"@id":"https:\/\/www.testingtime.com\/sv\/#organization"},"potentialAction":[{"@type":"SearchAction","target":{"@type":"EntryPoint","urlTemplate":"https:\/\/www.testingtime.com\/sv\/?s={search_term_string}"},"query-input":"required name=search_term_string"}],"inLanguage":"sv-SE"},{"@type":"Organization","@id":"https:\/\/www.testingtime.com\/sv\/#organization","name":"TestingTime","url":"https:\/\/www.testingtime.com\/sv\/","logo":{"@type":"ImageObject","inLanguage":"sv-SE","@id":"https:\/\/www.testingtime.com\/sv\/#\/schema\/logo\/image\/","url":"https:\/\/www.testingtime.com\/app\/uploads\/2017\/04\/logo.svg","contentUrl":"https:\/\/www.testingtime.com\/app\/uploads\/2017\/04\/logo.svg","width":1,"height":1,"caption":"TestingTime"},"image":{"@id":"https:\/\/www.testingtime.com\/sv\/#\/schema\/logo\/image\/"},"sameAs":["https:\/\/www.facebook.com\/testingtime","https:\/\/twitter.com\/testingtime","https:\/\/www.instagram.com\/testingtime\/","https:\/\/www.linkedin.com\/company-beta\/9231506\/","https:\/\/www.youtube.com\/channel\/UCpnMUgCz5FiiCUXU-U8ub1w"]}]}},"_links":{"self":[{"href":"https:\/\/www.testingtime.com\/sv\/wp-json\/wp\/v2\/pages\/42054","targetHints":{"allow":["GET"]}}],"collection":[{"href":"https:\/\/www.testingtime.com\/sv\/wp-json\/wp\/v2\/pages"}],"about":[{"href":"https:\/\/www.testingtime.com\/sv\/wp-json\/wp\/v2\/types\/page"}],"author":[{"embeddable":true,"href":"https:\/\/www.testingtime.com\/sv\/wp-json\/wp\/v2\/users\/58"}],"replies":[{"embeddable":true,"href":"https:\/\/www.testingtime.com\/sv\/wp-json\/wp\/v2\/comments?post=42054"}],"version-history":[{"count":8,"href":"https:\/\/www.testingtime.com\/sv\/wp-json\/wp\/v2\/pages\/42054\/revisions"}],"predecessor-version":[{"id":51852,"href":"https:\/\/www.testingtime.com\/sv\/wp-json\/wp\/v2\/pages\/42054\/revisions\/51852"}],"wp:attachment":[{"href":"https:\/\/www.testingtime.com\/sv\/wp-json\/wp\/v2\/media?parent=42054"}],"curies":[{"name":"wp","href":"https:\/\/api.w.org\/{rel}","templated":true}]}}